{"id":9,"date":"2016-09-16T11:32:39","date_gmt":"2016-09-16T09:32:39","guid":{"rendered":"https:\/\/enbau-online.ch\/bauphysik\/fr\/?page_id=9"},"modified":"2025-08-20T16:06:13","modified_gmt":"2025-08-20T14:06:13","slug":"table-des-matieres","status":"publish","type":"page","link":"https:\/\/enbau-online.ch\/bauphysik\/fr\/","title":{"rendered":"Table des mati\u00e8res"},"content":{"rendered":"<div class=\"fusion-fullwidth fullwidth-box fusion-builder-row-1 fusion-flex-container has-pattern-background has-mask-background nonhundred-percent-fullwidth non-hundred-percent-height-scrolling\" style=\"--awb-border-radius-top-left:0px;--awb-border-radius-top-right:0px;--awb-border-radius-bottom-right:0px;--awb-border-radius-bottom-left:0px;--awb-flex-wrap:wrap;\" ><div class=\"fusion-builder-row fusion-row fusion-flex-align-items-flex-start fusion-flex-content-wrap\" style=\"max-width:1144px;margin-left: calc(-4% \/ 2 );margin-right: calc(-4% \/ 2 );\"><div class=\"fusion-layout-column fusion_builder_column fusion-builder-column-0 fusion_builder_column_1_1 1_1 fusion-flex-column\" style=\"--awb-bg-size:cover;--awb-width-large:100%;--awb-margin-top-large:0px;--awb-spacing-right-large:1.92%;--awb-margin-bottom-large:0px;--awb-spacing-left-large:1.92%;--awb-width-medium:100%;--awb-order-medium:0;--awb-spacing-right-medium:1.92%;--awb-spacing-left-medium:1.92%;--awb-width-small:100%;--awb-order-small:0;--awb-spacing-right-small:1.92%;--awb-spacing-left-small:1.92%;\"><div class=\"fusion-column-wrapper fusion-column-has-shadow fusion-flex-justify-content-flex-start fusion-content-layout-column\"><div class=\"fusion-title title fusion-title-1 fusion-sep-none fusion-title-text fusion-title-size-paragraph\" style=\"--awb-margin-top-small:0px;--awb-margin-right-small:0px;--awb-margin-bottom-small:20px;--awb-margin-left-small:0px;\"><p class=\"fusion-title-heading title-heading-left title-heading-tag\" style=\"margin:0;\"><p style=\"text-align: left; padding-bottom: 5pt;\"><span style=\"font-size: 12pt;\">Nous soutenons Open Access, et vous?<\/span><\/p>\n<form action=\"https:\/\/www.paypal.com\/cgi-bin\/webscr\" method=\"post\" target=\"_top\"><input name=\"cmd\" type=\"hidden\" value=\"_s-xclick\" \/> <input name=\"hosted_button_id\" type=\"hidden\" value=\"SXQH75KJ69MMG\" \/> <input title=\"PayPal - The safer, easier way to pay online!\" alt=\"Spenden mit dem PayPal-Button\" name=\"submit\" src=\"https:\/\/www.paypalobjects.com\/de_DE\/CH\/i\/btn\/btn_donate_SM.gif\" type=\"image\" \/> <img decoding=\"async\" src=\"https:\/\/www.paypal.com\/de_CH\/i\/scr\/pixel.gif\" alt=\"\" width=\"1\" height=\"1\" border=\"0\" \/><\/form><\/p><\/div><\/div><\/div><\/div><\/div>\n<p><div class=\"fusion-fullwidth fullwidth-box fusion-builder-row-2 hundred-percent-fullwidth non-hundred-percent-height-scrolling\" style=\"--awb-border-radius-top-left:0px;--awb-border-radius-top-right:0px;--awb-border-radius-bottom-right:0px;--awb-border-radius-bottom-left:0px;--awb-padding-top:22px;--awb-padding-right:20px;--awb-padding-bottom:20px;--awb-padding-left:35px;--awb-margin-bottom:22px;--awb-background-color:#f4f4f4;--awb-flex-wrap:wrap;\" ><div class=\"fusion-builder-row fusion-row\"><div class=\"fusion-layout-column fusion_builder_column fusion-builder-column-1 fusion_builder_column_1_1 1_1 fusion-one-full fusion-column-first fusion-column-last\" style=\"--awb-bg-size:cover;\"><div class=\"fusion-column-wrapper fusion-flex-column-wrapper-legacy\"><div class=\"fusion-title title fusion-title-2 fusion-sep-none fusion-title-center fusion-title-text fusion-title-size-two\" style=\"--awb-margin-top-small:0px;--awb-margin-right-small:0px;--awb-margin-bottom-small:20px;--awb-margin-left-small:0px;\"><h2 class=\"fusion-title-heading title-heading-center\" style=\"margin:0;\">Table des mati\u00e8res<\/h2><\/div><div class=\"fusion-clearfix\"><\/div><\/div><\/div><div class=\"fusion-layout-column fusion_builder_column fusion-builder-column-2 fusion_builder_column_2_3 2_3 fusion-two-third fusion-column-first fusion-column-no-min-height\" style=\"--awb-bg-size:cover;width:65.3333%; margin-right: 4%;\"><div class=\"fusion-column-wrapper fusion-flex-column-wrapper-legacy\"><div class=\"fusion-text fusion-text-1\"><table>\n<tbody>\n<tr valign=\"top\">\n<td><a href=\"https:\/\/enbau-online.ch\/bauphysik\/fr\/?p=4002&amp;preview=true\"><strong>1<\/strong><\/a><\/td>\n<td><a href=\"https:\/\/enbau-online.ch\/bauphysik\/fr\/?p=4002&amp;preview=true\"><strong>Conditions aux limites (Climat)<\/strong><\/a><\/td>\n<\/tr>\n<tr valign=\"top\">\n<td><a href=\"https:\/\/enbau-online.ch\/bauphysik\/fr\/?p=4008&amp;preview=true\"><strong>2<\/strong><\/a><\/td>\n<td><a href=\"https:\/\/enbau-online.ch\/bauphysik\/fr\/?p=4008&amp;preview=true\"><strong>Chaleur<\/strong><\/a><\/td>\n<\/tr>\n<tr valign=\"top\">\n<td><a href=\"https:\/\/enbau-online.ch\/bauphysik\/fr\/?p=4016&amp;preview=true\"><strong>3<\/strong><\/a><\/td>\n<td><a href=\"https:\/\/enbau-online.ch\/bauphysik\/fr\/?p=4016&amp;preview=true\"><strong>Humidit\u00e9<\/strong><\/a><\/td>\n<\/tr>\n<tr valign=\"top\">\n<td><a href=\"https:\/\/enbau-online.ch\/bauphysik\/fr\/?p=4037&amp;preview=true\"><strong>4<\/strong><\/a><\/td>\n<td><a href=\"https:\/\/enbau-online.ch\/bauphysik\/fr\/?p=4037&amp;preview=true\"><strong>Ecoulements d&rsquo;air<\/strong><\/a><\/td>\n<\/tr>\n<tr valign=\"top\">\n<td><a href=\"https:\/\/enbau-online.ch\/bauphysik\/fr\/?p=4051&amp;preview=true\"><strong>5<\/strong><\/a><\/td>\n<td><a href=\"https:\/\/enbau-online.ch\/bauphysik\/fr\/?p=4051&amp;preview=true\"><strong>Lumi\u00e8re naturelle<\/strong><\/a><\/td>\n<\/tr>\n<tr valign=\"top\">\n<td><a href=\"https:\/\/enbau-online.ch\/bauphysik\/fr\/?p=4059&amp;preview=true\"><strong>6<\/strong><\/a><\/td>\n<td><a href=\"https:\/\/enbau-online.ch\/bauphysik\/fr\/?p=4059&amp;preview=true\"><strong>\u00c9nergie\/Puissance<\/strong><\/a><\/td>\n<\/tr>\n<tr valign=\"top\">\n<td><a href=\"https:\/\/enbau-online.ch\/bauphysik\/fr\/?p=4073&amp;preview=true\"><strong>7<\/strong><\/a><\/td>\n<td><a href=\"https:\/\/enbau-online.ch\/bauphysik\/fr\/?p=4073&amp;preview=true\"><strong>Insonorisation<\/strong><\/a><\/td>\n<\/tr>\n<tr valign=\"top\">\n<td><a href=\"https:\/\/enbau-online.ch\/bauphysik\/fr\/?p=4083&amp;preview=true\"><strong>8<\/strong><\/a><\/td>\n<td><a href=\"https:\/\/enbau-online.ch\/bauphysik\/fr\/?p=4083&amp;preview=true\"><strong>Incendie<\/strong><\/a><\/td>\n<\/tr>\n<tr valign=\"top\">\n<td><a href=\"https:\/\/enbau-online.ch\/bauphysik\/fr\/?p=4101&amp;preview=true\"><strong>9<\/strong><\/a><\/td>\n<td><a href=\"https:\/\/enbau-online.ch\/bauphysik\/fr\/?p=4101&amp;preview=true\"><strong>Annexes<\/strong><\/a><\/td>\n<\/tr>\n<\/tbody>\n<\/table>\n<\/div><div class=\"fusion-sep-clear\"><\/div><div class=\"fusion-separator fusion-no-large-visibility fusion-full-width-sep\" style=\"margin-left: auto;margin-right: auto;margin-top:10px;margin-bottom:10px;width:100%;\"><\/div><div class=\"fusion-sep-clear\"><\/div><div class=\"fusion-clearfix\"><\/div><\/div><\/div><div class=\"fusion-layout-column fusion_builder_column fusion-builder-column-3 fusion_builder_column_1_3 1_3 fusion-one-third fusion-column-last fusion-column-no-min-height\" style=\"--awb-bg-size:cover;width:30.6666%;\"><div class=\"fusion-column-wrapper fusion-flex-column-wrapper-legacy\"><div class=\"fusion-image-element fusion-image-align-center in-legacy-container\" style=\"text-align:center;--awb-caption-title-font-family:var(--h2_typography-font-family);--awb-caption-title-font-weight:var(--h2_typography-font-weight);--awb-caption-title-font-style:var(--h2_typography-font-style);--awb-caption-title-size:var(--h2_typography-font-size);--awb-caption-title-transform:var(--h2_typography-text-transform);--awb-caption-title-line-height:var(--h2_typography-line-height);--awb-caption-title-letter-spacing:var(--h2_typography-letter-spacing);\"><div class=\"imageframe-align-center\"><span class=\" fusion-imageframe imageframe-dropshadow imageframe-1 hover-type-none\" style=\"-webkit-box-shadow: 3px 3px 7px rgba(0,0,0,0.3);box-shadow: 3px 3px 7px rgba(0,0,0,0.3);\"><img decoding=\"async\" src=\"https:\/\/enbau-online.ch\/wp-content\/uploads\/3445-cover-physique-du-batiment.jpg\" alt class=\"img-responsive\"\/><\/span><\/div><\/div><div class=\"fusion-clearfix\"><\/div><\/div><\/div><\/div><\/div><div class=\"fusion-fullwidth fullwidth-box fusion-builder-row-3 hundred-percent-fullwidth non-hundred-percent-height-scrolling\" style=\"--awb-border-radius-top-left:0px;--awb-border-radius-top-right:0px;--awb-border-radius-bottom-right:0px;--awb-border-radius-bottom-left:0px;--awb-overflow:visible;--awb-flex-wrap:wrap;\" ><\/div><div class=\"fusion-builder-row fusion-row\"><\/div><div class=\"fusion-layout-column fusion_builder_column fusion-builder-column-4 fusion_builder_column_1_1 1_1 fusion-one-full fusion-column-first fusion-column-last fusion-column-no-min-height\" style=\"--awb-bg-size:cover;width:100%;\"><div class=\"fusion-column-wrapper fusion-flex-column-wrapper-legacy\"><div class=\"fusion-clearfix\"><\/div><\/div><\/div><br \/>\n<div class=\"fusion-text fusion-text-2\"><p><a href=\"https:\/\/enbau-online.ch\/bauphysik\/fr\/?p=4162&amp;preview=true\"><strong>pr\u00e9face<\/strong><\/a><\/p>\n<\/div><div class=\"fusion-sep-clear\"><\/div><div class=\"fusion-separator fusion-full-width-sep\" style=\"margin-left: auto;margin-right: auto;margin-bottom:22px;width:100%;\"><div class=\"fusion-separator-border sep-single sep-solid\" style=\"--awb-height:20px;--awb-amount:20px;--awb-sep-color:#aaa9a9;border-color:#aaa9a9;border-top-width:1px;\"><\/div><\/div><div class=\"fusion-sep-clear\"><\/div><div class=\"fusion-text fusion-text-3\"><p><strong>1 Conditions aux limites (Climat)<\/strong><br \/>\n<a href=\"https:\/\/enbau-online.ch\/bauphysik\/fr\/?p=4002&amp;preview=true\">1.1 Climat ext\u00e9rieur et param\u00e8tres m\u00e9t\u00e9orologiques<\/a><br \/>\n<a href=\"https:\/\/enbau-online.ch\/bauphysik\/fr\/?p=4004&amp;preview=true\">1.2 Climat int\u00e9rieur et confort<\/a><br \/>\n<a href=\"https:\/\/enbau-online.ch\/bauphysik\/fr\/?p=4006&amp;preview=true\">1.3 R\u00e9f\u00e9rences: Conditions aux limites (Climat)<\/a><\/p>\n<\/div><div class=\"fusion-sep-clear\"><\/div><div class=\"fusion-separator fusion-full-width-sep\" style=\"margin-left: auto;margin-right: auto;margin-bottom:22px;width:100%;\"><div class=\"fusion-separator-border sep-single sep-solid\" style=\"--awb-height:20px;--awb-amount:20px;--awb-sep-color:#aaa9a9;border-color:#aaa9a9;border-top-width:1px;\"><\/div><\/div><div class=\"fusion-sep-clear\"><\/div><div class=\"fusion-text fusion-text-4\"><p><strong>2 Chaleur<\/strong><br \/>\n<a href=\"https:\/\/enbau-online.ch\/bauphysik\/fr\/?p=4008&amp;preview=true\">2.1 Transfert de chaleur unidimensionnel et stationnaire<\/a><br \/>\n<a href=\"https:\/\/enbau-online.ch\/bauphysik\/fr\/?p=4010&amp;preview=true\">2.2 Stockage de chaleur<\/a><br \/>\n<a href=\"https:\/\/enbau-online.ch\/bauphysik\/fr\/?p=4012&amp;preview=true\">2.3 Ponts thermiques<\/a><br \/>\n<a href=\"https:\/\/enbau-online.ch\/bauphysik\/fr\/?p=4014&amp;preview=true\">2.4 R\u00e9f\u00e9rences: Chaleur<\/a><\/p>\n<\/div><div class=\"fusion-sep-clear\"><\/div><div class=\"fusion-separator fusion-full-width-sep\" style=\"margin-left: auto;margin-right: auto;margin-bottom:22px;width:100%;\"><div class=\"fusion-separator-border sep-single sep-solid\" style=\"--awb-height:20px;--awb-amount:20px;--awb-sep-color:#aaa9a9;border-color:#aaa9a9;border-top-width:1px;\"><\/div><\/div><div class=\"fusion-sep-clear\"><\/div><div class=\"fusion-text fusion-text-5\"><p><strong>3 Humidit\u00e9<\/strong><br \/>\n<a href=\"https:\/\/enbau-online.ch\/bauphysik\/fr\/?p=4016&amp;preview=true\">3.1 Les formes d&rsquo;apparition de l&rsquo;eau et leurs effets sur le b\u00e2timent<\/a><br \/>\n<a href=\"https:\/\/enbau-online.ch\/bauphysik\/fr\/?p=4018&amp;preview=true\">3.2 Pluie battante<\/a><br \/>\n<a href=\"https:\/\/enbau-online.ch\/bauphysik\/fr\/?p=4020&amp;preview=true\">3.3 Humidit\u00e9 de l&rsquo;air et pression de vapeur, condensation<\/a><br \/>\n<a href=\"https:\/\/enbau-online.ch\/bauphysik\/fr\/?p=4023&amp;preview=true\">3.4 Condensation superficielle et formation de moisissure<\/a><br \/>\n<a href=\"https:\/\/enbau-online.ch\/bauphysik\/fr\/?p=4025&amp;preview=true\">3.5 Transport d&rsquo;humidit\u00e9 et accumulation d&rsquo;eau dans les mat\u00e9riaux de construction<\/a><br \/>\n<a href=\"https:\/\/enbau-online.ch\/bauphysik\/fr\/?p=4027&amp;preview=true\">3.6 Absorption d&rsquo;eau capillaire<\/a><br \/>\n<a href=\"https:\/\/enbau-online.ch\/bauphysik\/fr\/?p=4029&amp;preview=true\">3.7 Diffusion de vapeur \u00e0 travers les \u00e9l\u00e9ments de construction <\/a><br \/>\n<a href=\"https:\/\/enbau-online.ch\/bauphysik\/fr\/?p=4031&amp;preview=true\">3.8 Protection contre l&rsquo;humidit\u00e9 et isolation thermique d&rsquo;une s\u00e9lection de murs<\/a><br \/>\n<a href=\"https:\/\/enbau-online.ch\/bauphysik\/fr\/?p=4033&amp;preview=true\">3.9 La fa\u00e7ade ventil\u00e9e comme solution optimale du point de vue de la physique du b\u00e2timent<\/a><br \/>\n<a href=\"https:\/\/enbau-online.ch\/bauphysik\/fr\/?p=4035&amp;preview=true\">3.10 R\u00e9f\u00e9rences: Humidit\u00e9<\/a><\/p>\n<\/div><div class=\"fusion-sep-clear\"><\/div><div class=\"fusion-separator fusion-full-width-sep\" style=\"margin-left: auto;margin-right: auto;margin-bottom:22px;width:100%;\"><div class=\"fusion-separator-border sep-single sep-solid\" style=\"--awb-height:20px;--awb-amount:20px;--awb-sep-color:#aaa9a9;border-color:#aaa9a9;border-top-width:1px;\"><\/div><\/div><div class=\"fusion-sep-clear\"><\/div><div class=\"fusion-text fusion-text-6\"><p><strong>4 Ecoulements d&rsquo;air<\/strong><br \/>\n<a href=\"https:\/\/enbau-online.ch\/bauphysik\/fr\/?p=4037&amp;preview=true\">4.1 Renouvellement d&rsquo;air naturel et forc\u00e9, taux de renouvellement d&rsquo;air<\/a><br \/>\n<a href=\"https:\/\/enbau-online.ch\/bauphysik\/fr\/?p=4039&amp;preview=true\">4.2 Ecoulements d&rsquo;air \u00e0 travers les joints et les ouvertures<\/a><br \/>\n<a href=\"https:\/\/enbau-online.ch\/bauphysik\/fr\/?p=4041&amp;preview=true\">4.3 Les causes du renouvellement d&rsquo;air naturel<\/a><br \/>\n<a href=\"https:\/\/enbau-online.ch\/bauphysik\/fr\/?p=4043&amp;preview=true\">4.4 Renouvellement d&rsquo;air et transport de polluants<\/a><br \/>\n<a href=\"https:\/\/enbau-online.ch\/bauphysik\/fr\/?p=4045&amp;preview=true\">4.5 Consommation d&rsquo;\u00e9nergie, besoin d&rsquo;air frais et renouvellement de l&rsquo;air<\/a><br \/>\n<a href=\"https:\/\/enbau-online.ch\/bauphysik\/fr\/?p=4047&amp;preview=true\">4.6 Etanch\u00e9it\u00e9 \u00e0 l&rsquo;air et au vent de l&rsquo;enveloppe du b\u00e2timent<\/a><br \/>\n<a href=\"https:\/\/enbau-online.ch\/bauphysik\/fr\/?p=4049&amp;preview=true\">4.7 R\u00e9f\u00e9rences: Ecoulements d&rsquo;air<\/a><\/p>\n<\/div><div class=\"fusion-sep-clear\"><\/div><div class=\"fusion-separator fusion-full-width-sep\" style=\"margin-left: auto;margin-right: auto;margin-bottom:22px;width:100%;\"><div class=\"fusion-separator-border sep-single sep-solid\" style=\"--awb-height:20px;--awb-amount:20px;--awb-sep-color:#aaa9a9;border-color:#aaa9a9;border-top-width:1px;\"><\/div><\/div><div class=\"fusion-sep-clear\"><\/div><div class=\"fusion-text fusion-text-7\"><p><strong>5 Lumi\u00e8re naturelle<\/strong><br \/>\n<a href=\"https:\/\/enbau-online.ch\/bauphysik\/fr\/?p=4051&amp;preview=true\">5.1 Notions de base en \u00e9clairage<\/a><br \/>\n<a href=\"https:\/\/enbau-online.ch\/bauphysik\/fr\/?p=4053&amp;preview=true\">5.2 Sources lumineuses<\/a><br \/>\n<a href=\"https:\/\/enbau-online.ch\/bauphysik\/fr\/?p=4055&amp;preview=true\">5.3 Calcul de l&rsquo;\u00e9clairage naturel<\/a><br \/>\n<a href=\"https:\/\/enbau-online.ch\/bauphysik\/fr\/?p=4057&amp;preview=true\">5.4 R\u00e9f\u00e9rences: Lumi\u00e8re naturelle<\/a><\/p>\n<\/div><div class=\"fusion-sep-clear\"><\/div><div class=\"fusion-separator fusion-full-width-sep\" style=\"margin-left: auto;margin-right: auto;margin-bottom:22px;width:100%;\"><div class=\"fusion-separator-border sep-single sep-solid\" style=\"--awb-height:20px;--awb-amount:20px;--awb-sep-color:#aaa9a9;border-color:#aaa9a9;border-top-width:1px;\"><\/div><\/div><div class=\"fusion-sep-clear\"><\/div><div class=\"fusion-text fusion-text-8\"><p><strong>6 \u00c9nergie\/Puissance<\/strong><br \/>\n<a href=\"https:\/\/enbau-online.ch\/bauphysik\/fr\/?p=4059&amp;preview=true\">6.1 Puissance thermique \u00e0 installer et consommation d&rsquo;\u00e9nergie finale<\/a><br \/>\n<a href=\"https:\/\/enbau-online.ch\/bauphysik\/fr\/?p=4061&amp;preview=true\">6.2 Evaluation de la puissance de chauffage et des besoins en \u00e9nergie <\/a><br \/>\n<a href=\"https:\/\/enbau-online.ch\/bauphysik\/fr\/?p=4063&amp;preview=true\">6.3 Zones tampon<\/a><br \/>\n<a href=\"https:\/\/enbau-online.ch\/bauphysik\/fr\/?p=4065&amp;preview=true\">6.4 Effet d&rsquo;accumulation<\/a><br \/>\n<a href=\"https:\/\/enbau-online.ch\/bauphysik\/fr\/?p=4067&amp;preview=true\">6.5 Puissance de refroidissement \u00e0 installer<\/a><br \/>\n<a href=\"https:\/\/enbau-online.ch\/bauphysik\/fr\/?p=4069&amp;preview=true\">6.6 Programmes de simulation dynamique <\/a><br \/>\n<a href=\"https:\/\/enbau-online.ch\/bauphysik\/fr\/?p=4071&amp;preview=true\">6.7 R\u00e9f\u00e9rences: Energie\/Puissance<\/a><\/p>\n<\/div><div class=\"fusion-sep-clear\"><\/div><div class=\"fusion-separator fusion-full-width-sep\" style=\"margin-left: auto;margin-right: auto;margin-bottom:22px;width:100%;\"><div class=\"fusion-separator-border sep-single sep-solid\" style=\"--awb-height:20px;--awb-amount:20px;--awb-sep-color:#aaa9a9;border-color:#aaa9a9;border-top-width:1px;\"><\/div><\/div><div class=\"fusion-sep-clear\"><\/div><div class=\"fusion-text fusion-text-9\"><p><strong>7 Insonorisation<\/strong><br \/>\n<a href=\"https:\/\/enbau-online.ch\/bauphysik\/fr\/?p=4073&amp;preview=true\">7.1 Caract\u00e9ristiques du champ sonore<\/a><br \/>\n<a href=\"https:\/\/enbau-online.ch\/bauphysik\/fr\/?p=4075&amp;preview=true\">7.2 Le son aux interfaces entre milieux: interactions<\/a><br \/>\n<a href=\"https:\/\/enbau-online.ch\/bauphysik\/fr\/?p=4077&amp;preview=true\">7.3 Propagation du son \u00e0 l&rsquo;ext\u00e9rieur<\/a><br \/>\n<a href=\"https:\/\/enbau-online.ch\/bauphysik\/fr\/?p=4079&amp;preview=true\">7.4 Propagation du son dans le b\u00e2timent<\/a><br \/>\n<a href=\"https:\/\/enbau-online.ch\/bauphysik\/fr\/?p=4081&amp;preview=true\">7.5 R\u00e9f\u00e9rences: Insonorisation<\/a><\/p>\n<\/div><div class=\"fusion-sep-clear\"><\/div><div class=\"fusion-separator fusion-full-width-sep\" style=\"margin-left: auto;margin-right: auto;margin-bottom:22px;width:100%;\"><div class=\"fusion-separator-border sep-single sep-solid\" style=\"--awb-height:20px;--awb-amount:20px;--awb-sep-color:#aaa9a9;border-color:#aaa9a9;border-top-width:1px;\"><\/div><\/div><div class=\"fusion-sep-clear\"><\/div><div class=\"fusion-text fusion-text-10\"><p><strong>8 Incendie<\/strong><br \/>\n<a href=\"https:\/\/enbau-online.ch\/bauphysik\/fr\/?p=4083&amp;preview=true\">8 Incendie<\/a><br \/>\n<a href=\"https:\/\/enbau-online.ch\/bauphysik\/fr\/?p=4085&amp;preview=true\">8.1 Danger d&rsquo;incendie<\/a><br \/>\n<a href=\"https:\/\/enbau-online.ch\/bauphysik\/fr\/?p=4087&amp;preview=true\">8.2 Charge thermique<\/a><br \/>\n<a href=\"https:\/\/enbau-online.ch\/bauphysik\/fr\/?p=4089&amp;preview=true\">8.3 D\u00e9roulemement d&rsquo;un incendie et quantit\u00e9 d&rsquo;\u00e9nergie<\/a><br \/>\n<a href=\"https:\/\/enbau-online.ch\/bauphysik\/fr\/?p=4091&amp;preview=true\">8.4 Evaluation normative en protection incendie<\/a><br \/>\n<a href=\"https:\/\/enbau-online.ch\/bauphysik\/fr\/?p=4093&amp;preview=true\">8.5 Comportement au feu d&rsquo;une s\u00e9lection de parties de construction et de syst\u00e8mes porteurs<\/a><br \/>\n<a href=\"https:\/\/enbau-online.ch\/bauphysik\/fr\/?p=4095&amp;preview=true\">8.6 Compartiments coupe-feu<\/a><br \/>\n<a href=\"https:\/\/enbau-online.ch\/bauphysik\/fr\/?p=4097&amp;preview=true\">8.7 Evaluation du risque d&rsquo;incendie<\/a><br \/>\n<a href=\"https:\/\/enbau-online.ch\/bauphysik\/fr\/?p=4099&amp;preview=true\">8.8 R\u00e9f\u00e9rences: Incendie<\/a><\/p>\n<\/div><div class=\"fusion-sep-clear\"><\/div><div class=\"fusion-separator fusion-full-width-sep\" style=\"margin-left: auto;margin-right: auto;margin-bottom:22px;width:100%;\"><div class=\"fusion-separator-border sep-single sep-solid\" style=\"--awb-height:20px;--awb-amount:20px;--awb-sep-color:#aaa9a9;border-color:#aaa9a9;border-top-width:1px;\"><\/div><\/div><div class=\"fusion-sep-clear\"><\/div><div class=\"fusion-text fusion-text-11\"><p><strong>9 Annexes<\/strong><br \/>\n<a href=\"https:\/\/enbau-online.ch\/bauphysik\/fr\/?p=4101&amp;preview=true\">9.1 L&rsquo;instrumentarium de la physique<\/a><br \/>\n<a href=\"https:\/\/enbau-online.ch\/bauphysik\/fr\/?p=4103&amp;preview=true\">9.2 S\u00e9lection de formules math\u00e9matiques<\/a><br \/>\n<a href=\"https:\/\/enbau-online.ch\/bauphysik\/fr\/?p=4105&amp;preview=true\">9.3 Caract\u00e8res dans les formules, indices, symboles <\/a><br \/>\n<a href=\"https:\/\/enbau-online.ch\/bauphysik\/fr\/?p=4107&amp;preview=true\">9.4 Grandeurs importantes en physique du b\u00e2timent, syst\u00e8me international d&rsquo;unit\u00e9s SI et conversions<\/a><br \/>\n<a href=\"https:\/\/enbau-online.ch\/bauphysik\/fr\/?p=4109&amp;preview=true\">9.5 Pouvoir calorifique des agents \u00e9nerg\u00e9tiques et des mat\u00e9riaux de construction<\/a><br \/>\n<a href=\"https:\/\/enbau-online.ch\/bauphysik\/fr\/?p=4111&amp;preview=true\">9.6 Rayonnement thermique et int\u00e9grale fractionnaire<\/a><br \/>\n<a href=\"https:\/\/enbau-online.ch\/bauphysik\/fr\/?p=4113&amp;preview=true\">9.7 Confort thermique<\/a><br \/>\n<a href=\"https:\/\/enbau-online.ch\/bauphysik\/fr\/?p=4115&amp;preview=true\">9.8 Exigences de confort thermique et du climat ambiant int\u00e9rieur<\/a><br \/>\n<a href=\"https:\/\/enbau-online.ch\/bauphysik\/fr\/?p=4117&amp;preview=true\">9.9 Humidit\u00e9 absolue \u00e0 saturation et pression de vapeur saturante <\/a><br \/>\n<a href=\"https:\/\/enbau-online.ch\/bauphysik\/fr\/?p=4119&amp;preview=true\">9.10 Diagramme h,x de l&rsquo;air humide<\/a><br \/>\n<a href=\"https:\/\/enbau-online.ch\/bauphysik\/fr\/?p=4121&amp;preview=true\">9.11 Caract\u00e9ristiques hygrothermiques des mat\u00e9riaux <\/a><br \/>\n<a href=\"https:\/\/enbau-online.ch\/bauphysik\/fr\/?p=4123&amp;preview=true\">9.12 Coefficient de transmission thermique <b><i>U<\/i><\/b><sub>g<\/sub> du vitrage<\/a><br \/>\n<a href=\"https:\/\/enbau-online.ch\/bauphysik\/fr\/?p=4125&amp;preview=true\">9.13 Coefficient de transmission thermique <i>U<\/i><sub>w<\/sub> de fen\u00eatres avec une fraction de cadre de 25 %<\/a><br \/>\n<a href=\"https:\/\/enbau-online.ch\/bauphysik\/fr\/?p=4127&amp;preview=true\">9.14 Protection solaire: exigences et m\u00e9thode simplifi\u00e9e de calcul<\/a><br \/>\n<a href=\"https:\/\/enbau-online.ch\/bauphysik\/fr\/?p=4129&amp;preview=true\">9.15 Temp\u00e9ratures journali\u00e8res moyennes (fr\u00e9quences cumul\u00e9es)<\/a><br \/>\n<a href=\"https:\/\/enbau-online.ch\/bauphysik\/fr\/?p=4131&amp;preview=true\">9.16 S\u00e9lection de donn\u00e9es climatiques [1.38]<\/a><br \/>\n<a href=\"https:\/\/enbau-online.ch\/bauphysik\/fr\/?p=4133&amp;preview=true\">9.17 Circulation du vent autour du b\u00e2timent: coefficients de pression<\/a><br \/>\n<a href=\"https:\/\/enbau-online.ch\/bauphysik\/fr\/?p=4135&amp;preview=true\">9.18 Fr\u00e9quences centrales des tiers d&rsquo;octaves et des octaves. Courbes de pond\u00e9ration et courbes de r\u00e9f\u00e9rence<\/a><br \/>\n<a href=\"https:\/\/enbau-online.ch\/bauphysik\/fr\/?p=4137&amp;preview=true\">9.19 Coefficient d&rsquo;absorption du son<\/a><br \/>\n<a href=\"https:\/\/enbau-online.ch\/bauphysik\/fr\/?p=4139&amp;preview=true\">9.20 Temps de r\u00e9verb\u00e9ration optimal pour diff\u00e9rentes affectations [7.39]<\/a><br \/>\n<a href=\"https:\/\/enbau-online.ch\/bauphysik\/fr\/?p=4141&amp;preview=true\">9.21 Valeurs caract\u00e9ristiques des mat\u00e9riaux relatives \u00e0 l&rsquo;acoustique<\/a><br \/>\n<a href=\"https:\/\/enbau-online.ch\/bauphysik\/fr\/?p=4143&amp;preview=true\">9.22 Am\u00e9lioration de l&rsquo;isolation du bruit de choc<\/a><br \/>\n<a href=\"https:\/\/enbau-online.ch\/bauphysik\/fr\/?p=4145&amp;preview=true\">9.23 Exigences pour la protection contre le \u00abbruit a\u00e9rien\u00bb selon SIA 181 [7.29]<\/a><br \/>\n<a href=\"https:\/\/enbau-online.ch\/bauphysik\/fr\/?p=4147&amp;preview=true\">9.24 Exigence pour la protection contre le \u00abbruit solidien\u00bb selon SIA 181 [7.29]<\/a><br \/>\n<a href=\"https:\/\/enbau-online.ch\/bauphysik\/fr\/?p=4149&amp;preview=true\">9.25 Feuille de calcul valeur <i>U <\/i>et r\u00e9partition de la temp\u00e9rature<\/a><br \/>\n<a href=\"https:\/\/enbau-online.ch\/bauphysik\/fr\/?p=4151&amp;preview=true\">9.26 Feuille de calcul valeur <i>U<\/i> et diffusion de vapeur <\/a><br \/>\n<a href=\"https:\/\/enbau-online.ch\/bauphysik\/fr\/?p=4153&amp;preview=true\">9.27 Feuille de calcul diagramme de la lumi\u00e8re du ciel<\/a><br \/>\n<a href=\"https:\/\/enbau-online.ch\/bauphysik\/fr\/?p=4155&amp;preview=true\">9.28 Feuille de calcul courses solaires et diagramme d&rsquo;ombrage<\/a><br \/>\n<a href=\"https:\/\/enbau-online.ch\/bauphysik\/fr\/?p=4157&amp;preview=true\">9.29 Normes SIA, EN et ISO<\/a><br \/>\n<a href=\"https:\/\/enbau-online.ch\/bauphysik\/fr\/?p=4159&amp;preview=true\">9.30 Glossaire fran\u00e7ais \u2013 allemand \u2013 italien \u2013 anglais<\/a><br \/>\n<a href=\"https:\/\/enbau-online.ch\/bauphysik\/fr\/?p=3996&amp;preview=true\">9.31 R\u00e9pertoire de mots-clefs<\/a><\/p>\n<\/div><\/p>\n","protected":false},"excerpt":{"rendered":"","protected":false},"author":1,"featured_media":0,"parent":0,"menu_order":0,"comment_status":"closed","ping_status":"closed","template":"","meta":{"footnotes":""},"class_list":["post-9","page","type-page","status-publish","hentry"],"_links":{"self":[{"href":"https:\/\/enbau-online.ch\/bauphysik\/fr\/wp-json\/wp\/v2\/pages\/9","targetHints":{"allow":["GET"]}}],"collection":[{"href":"https:\/\/enbau-online.ch\/bauphysik\/fr\/wp-json\/wp\/v2\/pages"}],"about":[{"href":"https:\/\/enbau-online.ch\/bauphysik\/fr\/wp-json\/wp\/v2\/types\/page"}],"author":[{"embeddable":true,"href":"https:\/\/enbau-online.ch\/bauphysik\/fr\/wp-json\/wp\/v2\/users\/1"}],"replies":[{"embeddable":true,"href":"https:\/\/enbau-online.ch\/bauphysik\/fr\/wp-json\/wp\/v2\/comments?post=9"}],"version-history":[{"count":12,"href":"https:\/\/enbau-online.ch\/bauphysik\/fr\/wp-json\/wp\/v2\/pages\/9\/revisions"}],"predecessor-version":[{"id":6885,"href":"https:\/\/enbau-online.ch\/bauphysik\/fr\/wp-json\/wp\/v2\/pages\/9\/revisions\/6885"}],"wp:attachment":[{"href":"https:\/\/enbau-online.ch\/bauphysik\/fr\/wp-json\/wp\/v2\/media?parent=9"}],"curies":[{"name":"wp","href":"https:\/\/api.w.org\/{rel}","templated":true}]}}