{"id":6789,"date":"2018-09-26T18:15:41","date_gmt":"2018-09-26T16:15:41","guid":{"rendered":"https:\/\/enbau-online.ch\/bauphysik\/?page_id=6789"},"modified":"2019-08-07T16:24:08","modified_gmt":"2019-08-07T14:24:08","slug":"ueber-die-publikation","status":"publish","type":"page","link":"https:\/\/enbau-online.ch\/bauphysik\/ueber-die-publikation\/","title":{"rendered":"\u00dcber die Publikation"},"content":{"rendered":"<p><strong>Eine aktuelle, ganzheitliche und kompakte Darstellung der Bauphysik. <\/strong><\/p>\n<p>Nachhaltiges Bauen setzt einen integralen Planungsprozess voraus, gilt es doch Energieeffizienz, Raumklima (Temperatur, Luftqualit\u00e4t, Licht und Akustik), Ressourceneinsatz und Dauerhaftigkeit zu optimieren. Um diese Herausforderungen meistern zu k\u00f6nnen, m\u00fcssen die bauphysikalischen Gesetzm\u00e4ssigkeiten in und um ein Geb\u00e4ude verstanden und angewendet werden, wobei h\u00e4ufig mit N\u00e4herungsl\u00f6sungen gearbeitet wird. Ein optimaler Einsatz unserer Ressourcen bei minimalem Energieverbrauch und minimaler Umweltbelastung, um bestm\u00f6gliche Behaglichkeit und maximale Sicherheit des Bewohners bzw. Benutzers von Bauwerken zu erreichen \u2013 das ist eine der Aufgaben unserer Zeit.<\/p>\n<p>Dieses Buch befasst sich mit den Wechselwirkungen zwischen Bauwerk und W\u00e4rme, Feuchte, Luftstr\u00f6mungen, Licht und Schall. Folgende Themen werden behandelt: Aussenklima, Raumklima, station\u00e4rer W\u00e4rmedurchgang, Sonnenschutz, W\u00e4rmebr\u00fccken, Oberfl\u00e4chenkondensat und Schimmelpilzbildung, Feuchtetransport, Luftwechsel und Dichtigkeit, Speichervorg\u00e4nge und instation\u00e4re Transportprozesse, nat\u00fcrliche Beleuchtung in Innenr\u00e4umen, Energieverbrauch und Heiz- bzw. K\u00fchlleistung, Schallausbreitung im Geb\u00e4ude und im Freien, baulicher Brandschutz.<\/p>\n<p>Die f\u00fcnfte Auflage des bew\u00e4hrten Standardwerks f\u00fcr Ausbildung und Praxis ber\u00fccksichtigt alle baurelevanten Normen (EN, ISO, SIA), insbesondere im Zusammenhang mit der EU-Richtlinie \u00fcber die Gesamtenergieeffizienz von Geb\u00e4uden. Das neu integrierte Addendum enth\u00e4lt Erg\u00e4nzungen zum Stand der Technik und Normierung, insbesondere zu \u00c4nderungen in den Normen SIA 180:2014 und SIA 382\/1:2014.<br \/>\nMit einem ausf\u00fchrlichen Anhang sowie einem Fachw\u00f6rterverzeichnis (deutsch-franz\u00f6sisch-italienisch-englisch).<\/p>\n","protected":false},"excerpt":{"rendered":"<p>Eine aktuelle, ganzheitliche und kompakte Darstellung der Bauphysik. Nachhaltiges Bauen setzt einen integralen Planungsprozess voraus, gilt es doch Energieeffizienz, Raumklima (Temperatur, Luftqualit\u00e4t, Licht und Akustik), Ressourceneinsatz und Dauerhaftigkeit zu optimieren. Um diese Herausforderungen meistern zu k\u00f6nnen, m\u00fcssen die bauphysikalischen Gesetzm\u00e4ssigkeiten in und um ein Geb\u00e4ude verstanden und angewendet werden, wobei h\u00e4ufig mit N\u00e4herungsl\u00f6sungen gearbeitet wird.  [&#8230;]<\/p>\n","protected":false},"author":1,"featured_media":0,"parent":0,"menu_order":0,"comment_status":"closed","ping_status":"closed","template":"","meta":{"footnotes":""},"class_list":["post-6789","page","type-page","status-publish","hentry"],"_links":{"self":[{"href":"https:\/\/enbau-online.ch\/bauphysik\/wp-json\/wp\/v2\/pages\/6789","targetHints":{"allow":["GET"]}}],"collection":[{"href":"https:\/\/enbau-online.ch\/bauphysik\/wp-json\/wp\/v2\/pages"}],"about":[{"href":"https:\/\/enbau-online.ch\/bauphysik\/wp-json\/wp\/v2\/types\/page"}],"author":[{"embeddable":true,"href":"https:\/\/enbau-online.ch\/bauphysik\/wp-json\/wp\/v2\/users\/1"}],"replies":[{"embeddable":true,"href":"https:\/\/enbau-online.ch\/bauphysik\/wp-json\/wp\/v2\/comments?post=6789"}],"version-history":[{"count":3,"href":"https:\/\/enbau-online.ch\/bauphysik\/wp-json\/wp\/v2\/pages\/6789\/revisions"}],"predecessor-version":[{"id":6837,"href":"https:\/\/enbau-online.ch\/bauphysik\/wp-json\/wp\/v2\/pages\/6789\/revisions\/6837"}],"wp:attachment":[{"href":"https:\/\/enbau-online.ch\/bauphysik\/wp-json\/wp\/v2\/media?parent=6789"}],"curies":[{"name":"wp","href":"https:\/\/api.w.org\/{rel}","templated":true}]}}