{"id":62,"date":"2014-02-01T12:00:32","date_gmt":"2014-02-01T11:00:32","guid":{"rendered":"https:\/\/enbau-online.ch\/energiemanagement\/?page_id=62"},"modified":"2021-06-03T15:30:03","modified_gmt":"2021-06-03T13:30:03","slug":"die-autoren","status":"publish","type":"page","link":"https:\/\/enbau-online.ch\/energiemanagement\/die-autoren\/","title":{"rendered":"Die Autoren"},"content":{"rendered":"<p>Die Inhalte in diesem Buch basieren auf langj\u00e4hrigen Erfahrungen der beiden Autoren. Als Grundlage dienten einerseits Lehrinhalte vom Institut f\u00fcr Facility Management der Z\u00fcrcher Hochschule f\u00fcr Angewandte Wissenschaften (ZHAW) und andererseits Erfahrungen aus Beratungsmandaten der Envenion GmbH.<\/p>\n<p><strong>Die Autoren:<\/strong><\/p>\n<p>Markus Hubbuch, Prof. Dipl. Ing. ETH\/SIA,<br \/>\nProfessor f\u00fcr Energie- und Geb\u00e4udemanagement<br \/>\nInstitut f\u00fcr Facility Management der ZHAW, W\u00e4denswil<br \/>\nKap: <a href=\"https:\/\/enbau-online.ch\/energiemanagement\/1-einleitung\/\">1<\/a>, <a href=\"https:\/\/enbau-online.ch\/energiemanagement\/2-1-klimawandel\/\">2.1<\/a>, <a href=\"https:\/\/enbau-online.ch\/energiemanagement\/3-1-energiemanagement-definition\/\">3.1<\/a>, <a href=\"https:\/\/enbau-online.ch\/energiemanagement\/4-1-energieressourcen-weltweit\/\">4<\/a>, <a href=\"https:\/\/enbau-online.ch\/energiemanagement\/6-1-versorgungssicherheit\/\">6<\/a>, <a href=\"https:\/\/enbau-online.ch\/energiemanagement\/7-1-energiebuchhaltung\/\">7<\/a>, <a href=\"https:\/\/enbau-online.ch\/energiemanagement\/8-1-grundlagen\/\">8<\/a>, <a href=\"https:\/\/enbau-online.ch\/energiemanagement\/9-1-grundlagen-der-messtechnik\/\">9<\/a>, <a href=\"https:\/\/enbau-online.ch\/energiemanagement\/11-1-zielsetzung\/\">11<\/a>, <a href=\"https:\/\/enbau-online.ch\/energiemanagement\/12-1-situation\/\">12<\/a>, <a href=\"https:\/\/enbau-online.ch\/energiemanagement\/13-1-grundlagen\/\">13<\/a>, <a href=\"https:\/\/enbau-online.ch\/energiemanagement\/14-1-berechnungen-wirtschaftlichkeit\/\">14<\/a><\/p>\n<p>Stefan J\u00e4schke Br\u00fclhart; Prof. Dr.-Ing.<br \/>\nKap: <a href=\"https:\/\/enbau-online.ch\/energiemanagement\/1-einleitung\/\">1<\/a>, <a href=\"https:\/\/enbau-online.ch\/energiemanagement\/2-2-iot-internet-of-things\/\">2.2<\/a>, <a href=\"https:\/\/enbau-online.ch\/energiemanagement\/2-3-sektorenkopplung\/\">2.3<\/a>, <a href=\"https:\/\/enbau-online.ch\/energiemanagement\/2-4-gebaeudeintegrierte-pv-module-bipv\/\">2.4<\/a>, <a href=\"https:\/\/enbau-online.ch\/energiemanagement\/2-5-einsatz-von-wasserstoff\/\">2.5<\/a>, <a href=\"https:\/\/enbau-online.ch\/energiemanagement\/3-2-energiemanagementsystem-definition\/\">3.2<\/a>, <a href=\"https:\/\/enbau-online.ch\/energiemanagement\/3-3-methodisches-vorgehen\/\">3.3<\/a>, <a href=\"https:\/\/enbau-online.ch\/energiemanagement\/5-1-entscheidungsfindung-im-energiemanagement\/\">5<\/a>, <a href=\"https:\/\/enbau-online.ch\/energiemanagement\/10-1-einsatz-von-energiemanagementsoftware\/\">10<\/a><\/p>\n<p>Wir danken des Weiteren folgenden Personen f\u00fcr ihren Input und ihre Unterst\u00fctzung bei der Fertigstellung des Buches:<br \/>\nRaffael Burgy, Dipl. Phys ETH \/ MSc Environmental Engineering; Kap. <a href=\"https:\/\/enbau-online.ch\/energiemanagement\/3-4-physikalische-grundlagen-im-energiemanagement\/\">3.4<\/a><br \/>\nNicolas Vetsch, MSc ETH, Kap. <a href=\"https:\/\/enbau-online.ch\/energiemanagement\/9-1-grundlagen-der-messtechnik\/\">9<\/a><\/p>\n<p>Das Kapitel\u2006<a href=\"https:\/\/enbau-online.ch\/energiemanagement\/11-1-grundlagen\/\">11<\/a> basiert teilweise auf dem Modul Wirtschaftlichkeitsberechnung der CD Energie im Unterricht, Bundesamt f\u00fcr Energie, Bern 2003<\/p>\n","protected":false},"excerpt":{"rendered":"<p>\u00dcber die Autoren<\/p>\n","protected":false},"author":1,"featured_media":0,"parent":0,"menu_order":0,"comment_status":"closed","ping_status":"closed","template":"","meta":{"footnotes":""},"class_list":["post-62","page","type-page","status-publish","hentry"],"_links":{"self":[{"href":"https:\/\/enbau-online.ch\/energiemanagement\/wp-json\/wp\/v2\/pages\/62","targetHints":{"allow":["GET"]}}],"collection":[{"href":"https:\/\/enbau-online.ch\/energiemanagement\/wp-json\/wp\/v2\/pages"}],"about":[{"href":"https:\/\/enbau-online.ch\/energiemanagement\/wp-json\/wp\/v2\/types\/page"}],"author":[{"embeddable":true,"href":"https:\/\/enbau-online.ch\/energiemanagement\/wp-json\/wp\/v2\/users\/1"}],"replies":[{"embeddable":true,"href":"https:\/\/enbau-online.ch\/energiemanagement\/wp-json\/wp\/v2\/comments?post=62"}],"version-history":[{"count":9,"href":"https:\/\/enbau-online.ch\/energiemanagement\/wp-json\/wp\/v2\/pages\/62\/revisions"}],"predecessor-version":[{"id":3533,"href":"https:\/\/enbau-online.ch\/energiemanagement\/wp-json\/wp\/v2\/pages\/62\/revisions\/3533"}],"wp:attachment":[{"href":"https:\/\/enbau-online.ch\/energiemanagement\/wp-json\/wp\/v2\/media?parent=62"}],"curies":[{"name":"wp","href":"https:\/\/api.w.org\/{rel}","templated":true}]}}