{"id":1488,"date":"2016-07-01T16:58:56","date_gmt":"2016-07-01T14:58:56","guid":{"rendered":"https:\/\/enbau-online.ch\/fr\/?page_id=1488"},"modified":"2022-10-06T11:00:04","modified_gmt":"2022-10-06T09:00:04","slug":"home","status":"publish","type":"page","link":"https:\/\/enbau-online.ch\/fr\/","title":{"rendered":"enbau-online"},"content":{"rendered":"<p><div class=\"fusion-fullwidth fullwidth-box fusion-builder-row-1 fusion-parallax-none nonhundred-percent-fullwidth non-hundred-percent-height-scrolling fusion-equal-height-columns\" style=\"--awb-border-radius-top-left:0px;--awb-border-radius-top-right:0px;--awb-border-radius-bottom-right:0px;--awb-border-radius-bottom-left:0px;--awb-padding-top:0px;--awb-padding-bottom:0px;--awb-background-color:#00abc4;--awb-background-image:url(&quot;https:\/\/enbau-online.ch\/wp-content\/uploads\/titelbild-enbau.jpg&quot;);--awb-background-size:cover;--awb-border-sizes-top:0px;--awb-border-sizes-bottom:0px;--awb-flex-wrap:wrap;\" ><div class=\"fusion-builder-row fusion-row\"><div class=\"fusion-layout-column fusion_builder_column fusion-builder-column-0 fusion_builder_column_1_1 1_1 fusion-one-full fusion-column-first fusion-column-last\" style=\"--awb-bg-size:cover;--awb-margin-top:40px;--awb-margin-bottom:50px;\"><div class=\"fusion-column-wrapper fusion-flex-column-wrapper-legacy\"><div class=\"fusion-text fusion-text-1\"><p class=\"content-container\" style=\"font-size: 2em; text-align: center;\"><span style=\"color: #ffffff;\">DURABILIT\u00c9 \u00c9NERG\u00c9TIQUE DE LA CONSTRUCTION<\/span><\/p>\n<\/div><div class=\"fusion-text fusion-text-2\"><p class=\"content-container\" style=\"font-size: 1.5em; text-align: center;\"><span style=\"color: #ffffff;\">Bases de la formation et de la formation continue ainsi qu&rsquo;un ouvrage de r\u00e9f\u00e9rence.<br \/>\nCon\u00e7u pour les architectes, les ing\u00e9nieurs et les planificateurs.<\/span><\/p>\n<\/div><div class=\"fusion-clearfix\"><\/div><\/div><\/div><\/div><\/div><div class=\"fusion-fullwidth fullwidth-box fusion-builder-row-2 nonhundred-percent-fullwidth non-hundred-percent-height-scrolling\" style=\"--awb-background-position:left top;--awb-border-radius-top-left:0px;--awb-border-radius-top-right:0px;--awb-border-radius-bottom-right:0px;--awb-border-radius-bottom-left:0px;--awb-padding-top:20px;--awb-padding-bottom:40px;--awb-background-color:#ffffff;--awb-border-sizes-top:0px;--awb-border-sizes-bottom:0px;--awb-flex-wrap:wrap;\" ><div class=\"fusion-builder-row fusion-row\"><div class=\"fusion-layout-column fusion_builder_column fusion-builder-column-1 fusion_builder_column_1_2 1_2 fusion-one-half fusion-column-first\" style=\"--awb-bg-size:cover;--awb-margin-bottom:20px;width:48%; margin-right: 4%;\"><div class=\"fusion-column-wrapper fusion-flex-column-wrapper-legacy\"><div class=\"fusion-text fusion-text-3\"><h1 style=\"text-align: left; font-size: 1.4em;\">Management de l&rsquo;\u00e9nergie<\/h1>\n<p>Les bases les plus importantes, les m\u00e9thodes, les connexions et les possibilit\u00e9s de gestion de l&rsquo;\u00e9nergie. Les listes de contr\u00f4le aident \u00e0 la mise en \u0153uvre et facilitent la prise de d\u00e9cisions importantes en mati\u00e8re de planification et d&rsquo;exploitation.<\/p>\n<p><div class=\"fusion-button-wrapper fusion-alignleft\"><a class=\"fusion-button button-flat button-medium button-custom fusion-button-default button-1 fusion-button-span-no \" style=\"--button_accent_color:#00abc4;--button_accent_hover_color:#333333;--button_border_hover_color:#333333;--button_border_width-top:1px;--button_border_width-right:1px;--button_border_width-bottom:1px;--button_border_width-left:1px;--button_gradient_top_color:#ffffff;--button_gradient_bottom_color:#ffffff;--button_gradient_top_color_hover:#ffffff;--button_gradient_bottom_color_hover:#ffffff;\" target=\"_self\" href=\"\/energiemanagement\/fr\"><i class=\" fa fa-laptop awb-button__icon awb-button__icon--default button-icon-left\" aria-hidden=\"true\"><\/i><span class=\"fusion-button-text awb-button__text awb-button__text--default\">Lire en Ligne<\/span><\/a><\/div>\n<div class=\"fusion-button-wrapper fusion-alignleft\"><a class=\"fusion-button button-flat button-medium button-custom fusion-button-default button-2 fusion-button-span-no \" style=\"--button_accent_color:#00abc4;--button_accent_hover_color:#333333;--button_border_hover_color:#333333;--button_border_width-top:1px;--button_border_width-right:1px;--button_border_width-bottom:1px;--button_border_width-left:1px;--button_gradient_top_color:#ffffff;--button_gradient_bottom_color:#ffffff;--button_gradient_top_color_hover:#ffffff;--button_gradient_bottom_color_hover:#ffffff;\" target=\"_blank\" rel=\"noopener noreferrer\" href=\"http:\/\/vdf.ch\/energiemanagement.html\"><i class=\" fa fa-book awb-button__icon awb-button__icon--default button-icon-left\" aria-hidden=\"true\"><\/i><span class=\"fusion-button-text awb-button__text awb-button__text--default\">COMMANDER LE LIVRE<\/span><\/a><\/div><\/p>\n<\/div><div class=\"fusion-clearfix\"><\/div><\/div><\/div><div class=\"fusion-layout-column fusion_builder_column fusion-builder-column-2 fusion_builder_column_1_2 1_2 fusion-one-half fusion-column-last\" style=\"--awb-bg-size:cover;--awb-margin-bottom:20px;width:48%;\"><div class=\"fusion-column-wrapper fusion-flex-column-wrapper-legacy\"><div class=\"fusion-text fusion-text-4\"><h1 style=\"text-align: left; font-size: 1.4em;\">Chauffage, ventilation, \u00e9lectricit\u00e9<\/h1>\n<p>Fournit une vue d&rsquo;ensemble facilement compr\u00e9hensible de la technologie \u00e9nerg\u00e9tique dans le b\u00e2timent. Couvre l&rsquo;ensemble du spectre des syst\u00e8mes de production de chaleur, des processus de distribution et de d\u00e9gagement de chaleur, ainsi que la ventilation, la r\u00e9frig\u00e9ration et la climatisation. <span class=\"quelle-em\">(uniquement disponible en allemand)<\/span><\/p>\n<div class=\"fusion-button-wrapper fusion-alignleft\"><a class=\"fusion-button button-flat button-medium button-custom fusion-button-default button-3 fusion-button-span-no \" style=\"--button_accent_color:#00abc4;--button_accent_hover_color:#333333;--button_border_hover_color:#333333;--button_border_width-top:1px;--button_border_width-right:1px;--button_border_width-bottom:1px;--button_border_width-left:1px;--button_gradient_top_color:#ffffff;--button_gradient_bottom_color:#ffffff;--button_gradient_top_color_hover:#ffffff;--button_gradient_bottom_color_hover:#ffffff;\" target=\"_blank\" rel=\"noopener noreferrer\" href=\"http:\/\/vdf.ch\/heizung-luftung-elektrizitat.html\"><i class=\" fa fa-book awb-button__icon awb-button__icon--default button-icon-left\" aria-hidden=\"true\"><\/i><span class=\"fusion-button-text awb-button__text awb-button__text--default\">COMMANDER LE LIVRE<\/span><\/a><\/div>\n<\/div><div class=\"fusion-clearfix\"><\/div><\/div><\/div><div class=\"fusion-layout-column fusion_builder_column fusion-builder-column-3 fusion_builder_column_1_2 1_2 fusion-one-half fusion-column-first\" style=\"--awb-bg-size:cover;--awb-margin-bottom:20px;width:48%; margin-right: 4%;\"><div class=\"fusion-column-wrapper fusion-flex-column-wrapper-legacy\"><div class=\"fusion-text fusion-text-5\"><h1 style=\"text-align: left; font-size: 1.4em;\">Technique du b\u00e2timent de l&rsquo;enveloppe du b\u00e2timent<\/h1>\n<p>Fournit des connaissances de base sur les m\u00e9thodes de construction de l&rsquo;enveloppe du b\u00e2timent couramment utilis\u00e9es aujourd&rsquo;hui, qui sont tr\u00e8s diverses dans la pratique. <span class=\"quelle-em\">(uniquement disponible en allemand)<\/span><\/p>\n<div><div class=\"fusion-button-wrapper fusion-alignleft\"><a class=\"fusion-button button-flat button-medium button-custom fusion-button-default button-4 fusion-button-span-no \" style=\"--button_accent_color:#00abc4;--button_accent_hover_color:#333333;--button_border_hover_color:#333333;--button_border_width-top:1px;--button_border_width-right:1px;--button_border_width-bottom:1px;--button_border_width-left:1px;--button_gradient_top_color:#ffffff;--button_gradient_bottom_color:#ffffff;--button_gradient_top_color_hover:#ffffff;--button_gradient_bottom_color_hover:#ffffff;\" target=\"_blank\" rel=\"noopener noreferrer\" href=\"http:\/\/vdf.ch\/bautechnik-der-gebaudehulle.html\"><i class=\" fa fa-book awb-button__icon awb-button__icon--default button-icon-left\" aria-hidden=\"true\"><\/i><span class=\"fusion-button-text awb-button__text awb-button__text--default\">COMMANDER LE LIVRE<\/span><\/a><\/div><\/div>\n<\/div><div class=\"fusion-clearfix\"><\/div><\/div><\/div><div class=\"fusion-layout-column fusion_builder_column fusion-builder-column-4 fusion_builder_column_1_2 1_2 fusion-one-half fusion-column-last\" style=\"--awb-bg-size:cover;--awb-margin-bottom:20px;width:48%;\"><div class=\"fusion-column-wrapper fusion-flex-column-wrapper-legacy\"><div class=\"fusion-text fusion-text-6\"><h1 style=\"text-align: left; font-size: 1.4em;\">Physique du b\u00e2timent<\/h1>\n<p>Traite des interactions entre le b\u00e2timent et la chaleur, l&rsquo;humidit\u00e9, les courants d&rsquo;air, la lumi\u00e8re et le son.<div class=\"fusion-button-wrapper fusion-alignleft\"><a class=\"fusion-button button-flat button-medium button-custom fusion-button-default button-5 fusion-button-span-no \" style=\"--button_accent_color:#00abc4;--button_accent_hover_color:#333333;--button_border_hover_color:#333333;--button_border_width-top:1px;--button_border_width-right:1px;--button_border_width-bottom:1px;--button_border_width-left:1px;--button_gradient_top_color:#ffffff;--button_gradient_bottom_color:#ffffff;--button_gradient_top_color_hover:#ffffff;--button_gradient_bottom_color_hover:#ffffff;\" target=\"_self\" href=\"\/bauphysik\/fr\"><i class=\" fa fa-laptop awb-button__icon awb-button__icon--default button-icon-left\" aria-hidden=\"true\"><\/i><span class=\"fusion-button-text awb-button__text awb-button__text--default\">Lire en Ligne<\/span><\/a><\/div><\/p>\n<div><div class=\"fusion-button-wrapper fusion-alignleft\"><a class=\"fusion-button button-flat button-medium button-custom fusion-button-default button-6 fusion-button-span-no \" style=\"--button_accent_color:#00abc4;--button_accent_hover_color:#333333;--button_border_hover_color:#333333;--button_border_width-top:1px;--button_border_width-right:1px;--button_border_width-bottom:1px;--button_border_width-left:1px;--button_gradient_top_color:#ffffff;--button_gradient_bottom_color:#ffffff;--button_gradient_top_color_hover:#ffffff;--button_gradient_bottom_color_hover:#ffffff;\" target=\"_blank\" rel=\"noopener noreferrer\" href=\"http:\/\/vdf.ch\/physique-du-batiment.html\"><i class=\" fa fa-book awb-button__icon awb-button__icon--default button-icon-left\" aria-hidden=\"true\"><\/i><span class=\"fusion-button-text awb-button__text awb-button__text--default\">COMMANDER LE LIVRE<\/span><\/a><\/div><\/div>\n<\/div><div class=\"fusion-clearfix\"><\/div><\/div><\/div><\/div><\/div><div class=\"fusion-fullwidth fullwidth-box fusion-builder-row-3 nonhundred-percent-fullwidth non-hundred-percent-height-scrolling\" style=\"--awb-background-position:left top;--awb-border-color:#dddddd;--awb-border-radius-top-left:0px;--awb-border-radius-top-right:0px;--awb-border-radius-bottom-right:0px;--awb-border-radius-bottom-left:0px;--awb-padding-top:40px;--awb-padding-bottom:0px;--awb-background-color:#ffffff;--awb-border-sizes-top:1px;--awb-border-sizes-bottom:1px;--awb-flex-wrap:wrap;\" ><div class=\"fusion-builder-row fusion-row\"><div class=\"fusion-layout-column fusion_builder_column fusion-builder-column-5 fusion_builder_column_1_1 1_1 fusion-one-full fusion-column-first fusion-column-last fusion-column-no-min-height\" style=\"--awb-bg-size:cover;\"><div class=\"fusion-column-wrapper fusion-flex-column-wrapper-legacy\"><div class=\"fusion-text fusion-text-7\"><p class=\"content-container\" style=\"font-size: 1.5em; text-align: center;\">Toutes les publications sur enbau-online.ch sont \u00e9galement disponibles sous forme de livres:<\/p>\n<\/div><div class=\"fusion-sep-clear\"><\/div><div class=\"fusion-separator fusion-full-width-sep\" style=\"margin-left: auto;margin-right: auto;margin-bottom:20px;width:100%;\"><\/div><div class=\"fusion-sep-clear\"><\/div><div class=\"fusion-clearfix\"><\/div><\/div><\/div><div class=\"fusion-layout-column fusion_builder_column fusion-builder-column-6 fusion_builder_column_1_4 1_4 fusion-one-fourth fusion-column-first\" style=\"--awb-bg-size:cover;width:22%; margin-right: 4%;\"><div class=\"fusion-column-wrapper fusion-flex-column-wrapper-legacy\"><div class=\"fusion-image-element fusion-image-align-center in-legacy-container\" style=\"text-align:center;--awb-caption-title-font-family:var(--h2_typography-font-family);--awb-caption-title-font-weight:var(--h2_typography-font-weight);--awb-caption-title-font-style:var(--h2_typography-font-style);--awb-caption-title-size:var(--h2_typography-font-size);--awb-caption-title-transform:var(--h2_typography-text-transform);--awb-caption-title-line-height:var(--h2_typography-line-height);--awb-caption-title-letter-spacing:var(--h2_typography-letter-spacing);\"><div class=\"imageframe-align-center\"><span class=\" fusion-imageframe imageframe-dropshadow imageframe-1 hover-type-none\" style=\"-webkit-box-shadow: 3px 3px 7px rgba(0,0,0,0.3);box-shadow: 3px 3px 7px rgba(0,0,0,0.3);\"><img decoding=\"async\" width=\"141\" height=\"200\" title=\"Heizung, L\u00fcftung, Elektrizit\u00e4t\" src=\"https:\/\/enbau-online.ch\/wp-content\/uploads\/3810-cover-management-de-l-energie.jpg\" alt class=\"img-responsive wp-image-1903\"\/><\/span><\/div><\/div><div class=\"fusion-sep-clear\"><\/div><div class=\"fusion-separator fusion-full-width-sep\" style=\"margin-left: auto;margin-right: auto;margin-top:0px;margin-bottom:7px;width:100%;\"><\/div><div class=\"fusion-sep-clear\"><\/div><div class=\"fusion-text fusion-text-8\"><p style=\"text-align: center;\"><strong><a href=\"https:\/\/vdf.ch\/management-de-l-energie.html\" target=\"_blank\" rel=\"noopener\">COMMANDER LE LIVRE<\/a><\/strong><\/p>\n<\/div><div class=\"fusion-text fusion-text-9\"><p><strong>Management de l&rsquo;\u00e9nergie<\/strong><br \/>\n1. \u00e9dition 2018<br \/>\nISBN 978-3-7281-3810-1<\/p>\n<\/div><div class=\"fusion-sep-clear\"><\/div><div class=\"fusion-separator fusion-full-width-sep\" style=\"margin-left: auto;margin-right: auto;margin-top:0px;margin-bottom:20px;width:100%;\"><\/div><div class=\"fusion-sep-clear\"><\/div><div class=\"fusion-clearfix\"><\/div><\/div><\/div><div class=\"fusion-layout-column fusion_builder_column fusion-builder-column-7 fusion_builder_column_1_4 1_4 fusion-one-fourth\" style=\"--awb-bg-size:cover;width:22%; margin-right: 4%;\"><div class=\"fusion-column-wrapper fusion-flex-column-wrapper-legacy\"><div class=\"fusion-image-element fusion-image-align-center in-legacy-container\" style=\"text-align:center;--awb-caption-title-font-family:var(--h2_typography-font-family);--awb-caption-title-font-weight:var(--h2_typography-font-weight);--awb-caption-title-font-style:var(--h2_typography-font-style);--awb-caption-title-size:var(--h2_typography-font-size);--awb-caption-title-transform:var(--h2_typography-text-transform);--awb-caption-title-line-height:var(--h2_typography-line-height);--awb-caption-title-letter-spacing:var(--h2_typography-letter-spacing);\"><div class=\"imageframe-align-center\"><span class=\" fusion-imageframe imageframe-dropshadow imageframe-2 hover-type-none\" style=\"-webkit-box-shadow: 3px 3px 7px rgba(0,0,0,0.3);box-shadow: 3px 3px 7px rgba(0,0,0,0.3);\"><img decoding=\"async\" src=\"https:\/\/enbau-online.ch\/wp-content\/uploads\/3491-cover-heizung-lueftung-elektrizitaet.jpg\" alt class=\"img-responsive\"\/><\/span><\/div><\/div><div class=\"fusion-sep-clear\"><\/div><div class=\"fusion-separator fusion-full-width-sep\" style=\"margin-left: auto;margin-right: auto;margin-top:0px;margin-bottom:7px;width:100%;\"><\/div><div class=\"fusion-sep-clear\"><\/div><div class=\"fusion-text fusion-text-10\"><p style=\"text-align: center;\"><strong><a href=\"http:\/\/vdf.ch\/heizung-luftung-elektrizitat.html\" target=\"_blank\" rel=\"noopener\">COMMANDER LE LIVRE<\/a><\/strong><\/p>\n<\/div><div class=\"fusion-text fusion-text-11\"><p><strong>Heizung, L\u00fcftung, Elektrizit\u00e4t<\/strong><br \/>\n6. \u00e9dition 2020<br \/>\nISBN 978-3-7281-4020-3<\/p>\n<\/div><div class=\"fusion-sep-clear\"><\/div><div class=\"fusion-separator fusion-full-width-sep\" style=\"margin-left: auto;margin-right: auto;margin-top:0px;margin-bottom:20px;width:100%;\"><\/div><div class=\"fusion-sep-clear\"><\/div><div class=\"fusion-clearfix\"><\/div><\/div><\/div><div class=\"fusion-layout-column fusion_builder_column fusion-builder-column-8 fusion_builder_column_1_4 1_4 fusion-one-fourth\" style=\"--awb-bg-size:cover;width:22%; margin-right: 4%;\"><div class=\"fusion-column-wrapper fusion-flex-column-wrapper-legacy\"><div class=\"fusion-image-element fusion-image-align-center in-legacy-container\" style=\"text-align:center;--awb-caption-title-font-family:var(--h2_typography-font-family);--awb-caption-title-font-weight:var(--h2_typography-font-weight);--awb-caption-title-font-style:var(--h2_typography-font-style);--awb-caption-title-size:var(--h2_typography-font-size);--awb-caption-title-transform:var(--h2_typography-text-transform);--awb-caption-title-line-height:var(--h2_typography-line-height);--awb-caption-title-letter-spacing:var(--h2_typography-letter-spacing);\"><div class=\"imageframe-align-center\"><span class=\" fusion-imageframe imageframe-dropshadow imageframe-3 hover-type-none\" style=\"-webkit-box-shadow: 3px 3px 7px rgba(0,0,0,0.3);box-shadow: 3px 3px 7px rgba(0,0,0,0.3);\"><img decoding=\"async\" src=\"https:\/\/enbau-online.ch\/wp-content\/uploads\/3634-cover-bautechnik-gebaeudehuelle.jpg\" alt class=\"img-responsive\"\/><\/span><\/div><\/div><div class=\"fusion-sep-clear\"><\/div><div class=\"fusion-separator fusion-full-width-sep\" style=\"margin-left: auto;margin-right: auto;margin-top:0px;margin-bottom:7px;width:100%;\"><\/div><div class=\"fusion-sep-clear\"><\/div><div class=\"fusion-text fusion-text-12\"><p style=\"text-align: center;\"><strong><a href=\"http:\/\/vdf.ch\/bautechnik-der-gebaudehulle.html\" target=\"_blank\" rel=\"noopener\">COMMANDER LE LIVRE<\/a><\/strong><\/p>\n<\/div><div class=\"fusion-text fusion-text-13\"><p><strong>Bautechnik der Geb\u00e4udeh\u00fclle<\/strong><br \/>\n3. \u00e9dition 2022<br \/>\nISBN 978-3-7281-4129-3<\/p>\n<\/div><div class=\"fusion-sep-clear\"><\/div><div class=\"fusion-separator fusion-full-width-sep\" style=\"margin-left: auto;margin-right: auto;margin-top:0px;margin-bottom:20px;width:100%;\"><\/div><div class=\"fusion-sep-clear\"><\/div><div class=\"fusion-clearfix\"><\/div><\/div><\/div><div class=\"fusion-layout-column fusion_builder_column fusion-builder-column-9 fusion_builder_column_1_4 1_4 fusion-one-fourth fusion-column-last\" style=\"--awb-bg-size:cover;width:22%;\"><div class=\"fusion-column-wrapper fusion-flex-column-wrapper-legacy\"><div class=\"fusion-image-element fusion-image-align-center in-legacy-container\" style=\"text-align:center;--awb-caption-title-font-family:var(--h2_typography-font-family);--awb-caption-title-font-weight:var(--h2_typography-font-weight);--awb-caption-title-font-style:var(--h2_typography-font-style);--awb-caption-title-size:var(--h2_typography-font-size);--awb-caption-title-transform:var(--h2_typography-text-transform);--awb-caption-title-line-height:var(--h2_typography-line-height);--awb-caption-title-letter-spacing:var(--h2_typography-letter-spacing);\"><div class=\"imageframe-align-center\"><span class=\" fusion-imageframe imageframe-dropshadow imageframe-4 hover-type-none\" style=\"-webkit-box-shadow: 3px 3px 7px rgba(0,0,0,0.3);box-shadow: 3px 3px 7px rgba(0,0,0,0.3);\"><img decoding=\"async\" src=\"https:\/\/enbau-online.ch\/wp-content\/uploads\/3445-cover-physique-du-batiment.jpg\" alt class=\"img-responsive\"\/><\/span><\/div><\/div><div class=\"fusion-sep-clear\"><\/div><div class=\"fusion-separator fusion-full-width-sep\" style=\"margin-left: auto;margin-right: auto;margin-top:0px;margin-bottom:7px;width:100%;\"><\/div><div class=\"fusion-sep-clear\"><\/div><div class=\"fusion-text fusion-text-14\"><p style=\"text-align: center;\"><strong><a href=\"http:\/\/vdf.ch\/physique-du-batiment.html\" target=\"_blank\" rel=\"noopener\">COMMANDER LE LIVRE<\/a><\/strong><\/p>\n<\/div><div class=\"fusion-text fusion-text-15\"><p><strong>Physique du b\u00e2timent<\/strong><br \/>\n1. \u00e9dition 2014<br \/>\nISBN 978-3-7281-3445-5<\/p>\n<\/div><div class=\"fusion-sep-clear\"><\/div><div class=\"fusion-separator fusion-full-width-sep\" style=\"margin-left: auto;margin-right: auto;margin-top:0px;margin-bottom:20px;width:100%;\"><\/div><div class=\"fusion-sep-clear\"><\/div><div class=\"fusion-clearfix\"><\/div><\/div><\/div><\/div><\/div><\/p>\n","protected":false},"excerpt":{"rendered":"<p>Basics f\u00fcr die Aus- und Weiterbildung sowie als Nachschlagewerk. Konzipiert f\u00fcr Architekten, Ingenieure und Planer.<\/p>\n","protected":false},"author":1,"featured_media":0,"parent":0,"menu_order":0,"comment_status":"closed","ping_status":"closed","template":"100-width.php","meta":{"footnotes":""},"class_list":["post-1488","page","type-page","status-publish","hentry"],"_links":{"self":[{"href":"https:\/\/enbau-online.ch\/fr\/wp-json\/wp\/v2\/pages\/1488","targetHints":{"allow":["GET"]}}],"collection":[{"href":"https:\/\/enbau-online.ch\/fr\/wp-json\/wp\/v2\/pages"}],"about":[{"href":"https:\/\/enbau-online.ch\/fr\/wp-json\/wp\/v2\/types\/page"}],"author":[{"embeddable":true,"href":"https:\/\/enbau-online.ch\/fr\/wp-json\/wp\/v2\/users\/1"}],"replies":[{"embeddable":true,"href":"https:\/\/enbau-online.ch\/fr\/wp-json\/wp\/v2\/comments?post=1488"}],"version-history":[{"count":32,"href":"https:\/\/enbau-online.ch\/fr\/wp-json\/wp\/v2\/pages\/1488\/revisions"}],"predecessor-version":[{"id":2601,"href":"https:\/\/enbau-online.ch\/fr\/wp-json\/wp\/v2\/pages\/1488\/revisions\/2601"}],"wp:attachment":[{"href":"https:\/\/enbau-online.ch\/fr\/wp-json\/wp\/v2\/media?parent=1488"}],"curies":[{"name":"wp","href":"https:\/\/api.w.org\/{rel}","templated":true}]}}