{"id":2005,"date":"2018-11-12T09:54:37","date_gmt":"2018-11-12T08:54:37","guid":{"rendered":"https:\/\/enbau-online.ch\/?page_id=2005"},"modified":"2023-11-24T16:31:04","modified_gmt":"2023-11-24T15:31:04","slug":"ueber-enbau-online","status":"publish","type":"page","link":"https:\/\/enbau-online.ch\/fr\/ueber-enbau-online\/","title":{"rendered":"\u00dcber enbau-online"},"content":{"rendered":"<p>Diese Website der vdf Hochschulverlag AG entstand in Zusammenarbeit mit Energie Schweiz und der Konferenz Kantonaler Energiedirektoren EnDK.<\/p>\n<p>Die Standardwerke aus den Bereichen Bau, Energie und Nachhaltigkeit sind alle frei zug\u00e4nglich und werden durch Dozentenmaterial f\u00fcr den Unterricht erg\u00e4nzt.<\/p>\n<p>Geplant sind eine stetige Weiterentwicklung, regelm\u00e4ssige Aktualisierungen und Erweiterungen \u2013 z.B. Praxisbeispiele oder gesch\u00fctzte Bereiche von Schulen \u2013 sowie ein Ausbau des Angebotes mit passenden Publikationen.<\/p>\n<ul>\n<li>Basics f\u00fcr Studierende und Dozierende in der Aus-und Weiterbildung<\/li>\n<li>f\u00fcr Architekten, Ingenieure und Planer<\/li>\n<li>ideal als Nachschlagewerk f\u00fcr Anwender in der Praxis<\/li>\n<li>kostenlos online verf\u00fcgbar (Open Access)<\/li>\n<li>Inhalte auch als Printversionen (B\u00fccher) erh\u00e4ltlich<\/li>\n<\/ul>\n","protected":false},"excerpt":{"rendered":"<p>Diese Website der vdf Hochschulverlag AG entstand in Zusammenarbeit mit Energie Schweiz und der Konferenz Kantonaler Energiedirektoren EnDK. Die Standardwerke aus den Bereichen Bau, Energie und Nachhaltigkeit sind alle frei zug\u00e4nglich und werden durch Dozentenmaterial f\u00fcr den Unterricht erg\u00e4nzt. Geplant sind eine stetige Weiterentwicklung, regelm\u00e4ssige Aktualisierungen und Erweiterungen \u2013 z.B. Praxisbeispiele oder gesch\u00fctzte Bereiche von  [&#8230;]<\/p>\n","protected":false},"author":1,"featured_media":0,"parent":0,"menu_order":0,"comment_status":"closed","ping_status":"closed","template":"","meta":{"footnotes":""},"class_list":["post-2005","page","type-page","status-publish","hentry"],"_links":{"self":[{"href":"https:\/\/enbau-online.ch\/fr\/wp-json\/wp\/v2\/pages\/2005","targetHints":{"allow":["GET"]}}],"collection":[{"href":"https:\/\/enbau-online.ch\/fr\/wp-json\/wp\/v2\/pages"}],"about":[{"href":"https:\/\/enbau-online.ch\/fr\/wp-json\/wp\/v2\/types\/page"}],"author":[{"embeddable":true,"href":"https:\/\/enbau-online.ch\/fr\/wp-json\/wp\/v2\/users\/1"}],"replies":[{"embeddable":true,"href":"https:\/\/enbau-online.ch\/fr\/wp-json\/wp\/v2\/comments?post=2005"}],"version-history":[{"count":4,"href":"https:\/\/enbau-online.ch\/fr\/wp-json\/wp\/v2\/pages\/2005\/revisions"}],"predecessor-version":[{"id":2620,"href":"https:\/\/enbau-online.ch\/fr\/wp-json\/wp\/v2\/pages\/2005\/revisions\/2620"}],"wp:attachment":[{"href":"https:\/\/enbau-online.ch\/fr\/wp-json\/wp\/v2\/media?parent=2005"}],"curies":[{"name":"wp","href":"https:\/\/api.w.org\/{rel}","templated":true}]}}