{"id":2009,"date":"2018-11-12T10:43:24","date_gmt":"2018-11-12T09:43:24","guid":{"rendered":"https:\/\/enbau-online.ch\/?page_id=2009"},"modified":"2019-01-18T16:38:19","modified_gmt":"2019-01-18T15:38:19","slug":"formation-de-base-et-continue","status":"publish","type":"page","link":"https:\/\/enbau-online.ch\/fr\/formation-de-base-et-continue\/","title":{"rendered":"Formation de base et continue"},"content":{"rendered":"<div class=\"fusion-fullwidth fullwidth-box fusion-builder-row-1 nonhundred-percent-fullwidth non-hundred-percent-height-scrolling\" style=\"--awb-border-radius-top-left:0px;--awb-border-radius-top-right:0px;--awb-border-radius-bottom-right:0px;--awb-border-radius-bottom-left:0px;--awb-flex-wrap:wrap;\" ><div class=\"fusion-builder-row fusion-row\"><div class=\"fusion-layout-column fusion_builder_column fusion-builder-column-0 fusion_builder_column_1_2 1_2 fusion-one-half fusion-column-first\" style=\"--awb-bg-size:cover;width:50%;width:calc(50% - ( ( 4% ) * 0.5 ) );margin-right: 4%;\"><div class=\"fusion-column-wrapper fusion-flex-column-wrapper-legacy\">\u00a0\n<div class=\"merk-em\"><a href=\"http:\/\/www.enbau.ch\/\" target=\"_blank\"><strong>EN Bau<\/strong><\/p><img decoding=\"async\" class=\"alignright\" src=\"https:\/\/enbau-online.ch\/wp-content\/uploads\/enbau-logo-offfice-randlos-grey.png\" alt=\"En Bau\" width=\"220\" height=\"220\" \/><\/a><\/a>\n5 Hochschulen \u2192 1 Master. MAS in Nachhaltigem Bauen. Profitieren Sie von den geb\u00fcndelten Kompetenzen von FHNW, HTW, ZHAW, BFH & HSLU.<\/div>\n\u00a0<div class=\"fusion-clearfix\"><\/div><\/div><\/div><div class=\"fusion-layout-column fusion_builder_column fusion-builder-column-1 fusion_builder_column_1_2 1_2 fusion-one-half fusion-column-last\" style=\"--awb-bg-size:cover;width:50%;width:calc(50% - ( ( 4% ) * 0.5 ) );\"><div class=\"fusion-column-wrapper fusion-flex-column-wrapper-legacy\">\u00a0\n<div class=\"merk-em\"><a href=\"https:\/\/www.hevs.ch\/fr\/hautes-ecoles\/haute-ecole-de-gestion\/economie-d-entreprise\/autres-formations\/formation-continue\/cas\/cas-en-contrats-d-efficacite-energetique-15632\" target=\"_blank\"><strong>CAS sur le Contracting \u00e9nerg\u00e9tique<\/strong><\/p><img decoding=\"async\" class=\"alignright\" src=\"https:\/\/enbau-online.ch\/wp-content\/uploads\/hes_so_vs.png\" alt=\"https:\/\/www.hevs.ch\/fr\/hautes-ecoles\/haute-ecole-de-gestion\/economie-d-entreprise\/autres-formations\/formation-continue\/cas\/cas-en-contrats-d-efficacite-energetique-15632\" width=\"150\" height=\"150\" \/><\/a><\/a>\nCe CAS permet d'appr\u00e9hender les mod\u00e8les de contracting \u00e9nerg\u00e9tique et les contrats de performance \u00e9nerg\u00e9tique, les appels d'offre et les aspects techniques de ces approches \u00e9nerg\u00e9tiques.<\/div>\n\u00a0<div class=\"fusion-clearfix\"><\/div><\/div><\/div><\/div><\/div>\n","protected":false},"excerpt":{"rendered":"","protected":false},"author":1,"featured_media":0,"parent":0,"menu_order":0,"comment_status":"closed","ping_status":"closed","template":"","meta":{"footnotes":""},"class_list":["post-2009","page","type-page","status-publish","hentry"],"_links":{"self":[{"href":"https:\/\/enbau-online.ch\/fr\/wp-json\/wp\/v2\/pages\/2009","targetHints":{"allow":["GET"]}}],"collection":[{"href":"https:\/\/enbau-online.ch\/fr\/wp-json\/wp\/v2\/pages"}],"about":[{"href":"https:\/\/enbau-online.ch\/fr\/wp-json\/wp\/v2\/types\/page"}],"author":[{"embeddable":true,"href":"https:\/\/enbau-online.ch\/fr\/wp-json\/wp\/v2\/users\/1"}],"replies":[{"embeddable":true,"href":"https:\/\/enbau-online.ch\/fr\/wp-json\/wp\/v2\/comments?post=2009"}],"version-history":[{"count":6,"href":"https:\/\/enbau-online.ch\/fr\/wp-json\/wp\/v2\/pages\/2009\/revisions"}],"predecessor-version":[{"id":2323,"href":"https:\/\/enbau-online.ch\/fr\/wp-json\/wp\/v2\/pages\/2009\/revisions\/2323"}],"wp:attachment":[{"href":"https:\/\/enbau-online.ch\/fr\/wp-json\/wp\/v2\/media?parent=2009"}],"curies":[{"name":"wp","href":"https:\/\/api.w.org\/{rel}","templated":true}]}}