{"id":2013,"date":"2018-11-12T10:45:06","date_gmt":"2018-11-12T09:45:06","guid":{"rendered":"https:\/\/enbau-online.ch\/?page_id=2013"},"modified":"2019-01-18T16:39:01","modified_gmt":"2019-01-18T15:39:01","slug":"reseau-et-liens","status":"publish","type":"page","link":"https:\/\/enbau-online.ch\/fr\/reseau-et-liens\/","title":{"rendered":"R\u00e9seau et liens"},"content":{"rendered":"<div class=\"fusion-fullwidth fullwidth-box fusion-builder-row-1 nonhundred-percent-fullwidth non-hundred-percent-height-scrolling\" style=\"--awb-border-radius-top-left:0px;--awb-border-radius-top-right:0px;--awb-border-radius-bottom-right:0px;--awb-border-radius-bottom-left:0px;--awb-flex-wrap:wrap;\" ><div class=\"fusion-builder-row fusion-row\"><div class=\"fusion-layout-column fusion_builder_column fusion-builder-column-0 fusion_builder_column_1_2 1_2 fusion-one-half fusion-column-first\" style=\"--awb-bg-size:cover;width:50%;width:calc(50% - ( ( 4% ) * 0.5 ) );margin-right: 4%;\"><div class=\"fusion-column-wrapper fusion-flex-column-wrapper-legacy\">\u00a0\n<div class=\"merk-em\"><a href=\"https:\/\/www.energieschweiz.ch\/home.aspx\" target=\"_blank\"><strong>EnergieSchweiz<\/strong><\/p><img decoding=\"async\" class=\"alignright\" src=\"https:\/\/enbau-online.ch\/wp-content\/uploads\/energie-schweiz.png\" alt=\"EnergieSchweiz\" width=\"150\" height=\"150\" \/><\/a>\nEnergieschweiz sensibilisiert Menschen in der Schweiz zu Energiethemen, f\u00f6rdert innovative Projekte und unterst\u00fctzt die Aus- und Weiterbildung von Fachkr\u00e4ften.<\/div>\n\u00a0<div class=\"fusion-clearfix\"><\/div><\/div><\/div><div class=\"fusion-layout-column fusion_builder_column fusion-builder-column-1 fusion_builder_column_1_2 1_2 fusion-one-half fusion-column-last\" style=\"--awb-bg-size:cover;width:50%;width:calc(50% - ( ( 4% ) * 0.5 ) );\"><div class=\"fusion-column-wrapper fusion-flex-column-wrapper-legacy\">\u00a0\n<div class=\"merk-em\"><a href=\"https:\/\/www.endk.ch\/de\/\" target=\"_blank\"><strong>EnDK<\/strong><\/p><img decoding=\"async\" class=\"alignright\" src=\"https:\/\/enbau-online.ch\/wp-content\/uploads\/endk-logo.png\" alt=\"EnDK\" width=\"150\" height=\"150\" \/><\/a>\nDie EnDK ist das gemeinsame Energie-Kompe\u00adtenz\u00adzentrum der Kantone. Sie f\u00f6rdert und koordiniert die Zusammenarbeit der Kantone in Energiefragen und vertritt die gemeinsamen Interessen.<\/div>\n\u00a0<div class=\"fusion-clearfix\"><\/div><\/div><\/div><div class=\"fusion-layout-column fusion_builder_column fusion-builder-column-2 fusion_builder_column_1_2 1_2 fusion-one-half fusion-column-first\" style=\"--awb-bg-size:cover;width:50%;width:calc(50% - ( ( 4% ) * 0.5 ) );margin-right: 4%;\"><div class=\"fusion-column-wrapper fusion-flex-column-wrapper-legacy\">\u00a0\n<div class=\"merk-em\"><a href=\"https:\/\/www.energie-cluster.ch\/\" target=\"_blank\"><strong>energie-cluster.ch<\/strong><\/p><img decoding=\"async\" class=\"alignright\" src=\"https:\/\/enbau-online.ch\/wp-content\/uploads\/energie-cluster-logo.png\" alt=\"energie-cluster.ch\" width=\"150\" height=\"150\" \/><\/a>\nDer energie-cluster.ch bietet Ihnen vielf\u00e4ltige Dienstleistungen, spannende Veranstaltungen <\/br>und Weitebildungskurse sowie aktuelle News und Studien <\/br>aus der Energiewelt.<\/div>\n\u00a0<div class=\"fusion-clearfix\"><\/div><\/div><\/div><div class=\"fusion-layout-column fusion_builder_column fusion-builder-column-3 fusion_builder_column_1_2 1_2 fusion-one-half fusion-column-last\" style=\"--awb-bg-size:cover;width:50%;width:calc(50% - ( ( 4% ) * 0.5 ) );\"><div class=\"fusion-column-wrapper fusion-flex-column-wrapper-legacy\">\u00a0\n<div class=\"merk-em\"><a href=\"http:\/\/www.bfe.admin.ch\/\" target=\"_blank\"><strong>Bundesamt f\u00fcr Energie BFE<\/strong><\/p><img decoding=\"async\" class=\"alignright\" src=\"https:\/\/enbau-online.ch\/wp-content\/uploads\/bfe-logo.png\" alt=\"bfe\" width=\"150\" height=\"150\" \/><\/a><\/a>\nDas BFE ist das Kompetenzzentrum f\u00fcr Fragen der Energieversorgung und der Energienutzung im Eidgen\u00f6ssischen Departement f\u00fcr Umwelt, Verkehr, Energie und Kommunikation.<\/div>\n\u00a0<div class=\"fusion-clearfix\"><\/div><\/div><\/div><div class=\"fusion-layout-column fusion_builder_column fusion-builder-column-4 fusion_builder_column_1_2 1_2 fusion-one-half fusion-column-first\" style=\"--awb-bg-size:cover;width:50%;width:calc(50% - ( ( 4% ) * 0.5 ) );margin-right: 4%;\"><div class=\"fusion-column-wrapper fusion-flex-column-wrapper-legacy\">\u00a0\n<div class=\"merk-em\"><a href=\"https:\/\/www.geak.ch\/\" target=\"_blank\"><strong>Der Geb\u00e4udeenergieausweis der Kantone<\/strong><\/p><img decoding=\"async\" class=\"alignright\" src=\"https:\/\/enbau-online.ch\/wp-content\/uploads\/geak.png\" alt=\"geak\" width=\"150\" height=\"150\" \/><\/a><\/a>\nDer GEAK ist das schweizweit beste Bewertungs- und Beratungsinstrument f\u00fcr Sanierungskonzepte von Geb\u00e4uden. Der dreisprachige GEAK wird von allen Kantonen anerkannt.<\/div>\n\u00a0<div class=\"fusion-clearfix\"><\/div><\/div><\/div><div class=\"fusion-layout-column fusion_builder_column fusion-builder-column-5 fusion_builder_column_1_2 1_2 fusion-one-half fusion-column-last\" style=\"--awb-bg-size:cover;width:50%;width:calc(50% - ( ( 4% ) * 0.5 ) );\"><div class=\"fusion-column-wrapper fusion-flex-column-wrapper-legacy\">\u00a0\n<div class=\"merk-em\"><a href=\"https:\/\/gebaeudeklima-schweiz.ch\/de\/\" target=\"_blank\"><strong>Geb\u00e4udeKlima Schweiz<\/strong><\/p><img decoding=\"async\" class=\"alignright\" src=\"https:\/\/enbau-online.ch\/wp-content\/uploads\/logo_gks.png\" alt=\"gks\" width=\"200\" height=\"200\" \/><\/a><\/a>\nGeb\u00e4udeKlima Schweiz ist die Schweizer Hersteller- und Lieferantenvereinigung der Heizungs-, Lu\u0308ftungs- und Klimatechnik.<\/div>\n\u00a0<div class=\"fusion-clearfix\"><\/div><\/div><\/div><div class=\"fusion-layout-column fusion_builder_column fusion-builder-column-6 fusion_builder_column_1_2 1_2 fusion-one-half fusion-column-first\" style=\"--awb-bg-size:cover;width:50%;width:calc(50% - ( ( 4% ) * 0.5 ) );margin-right: 4%;\"><div class=\"fusion-column-wrapper fusion-flex-column-wrapper-legacy\">\u00a0\n<div class=\"merk-em\"><a href=\"https:\/\/www.eco-bau.ch\/index.cfm\" target=\"_blank\"><strong>Nachhaltig planen und bauen mit eco-bau<\/strong><\/p><img decoding=\"async\" class=\"alignright\" src=\"https:\/\/enbau-online.ch\/wp-content\/uploads\/logo_ecobau.png\" alt=\"https:\/\/www.eco-bau.ch\/index.cfm\" width=\"150\" height=\"150\" \/><\/a>\nDer Verein von \u00f6ffentlichen Bauherrschaften und  Bildungsinstitutionen bietet Planungswerkzeuge, Fachveranstaltungen und Weiterbildungen zum nachhaltigen Bauen.<\/div>\n\u00a0<div class=\"fusion-clearfix\"><\/div><\/div><\/div><div class=\"fusion-layout-column fusion_builder_column fusion-builder-column-7 fusion_builder_column_1_2 1_2 fusion-one-half fusion-column-last\" style=\"--awb-bg-size:cover;width:50%;width:calc(50% - ( ( 4% ) * 0.5 ) );\"><div class=\"fusion-column-wrapper fusion-flex-column-wrapper-legacy\">\u00a0\n<div class=\"merk-em\"><a href=\"https:\/\/www.forumenergie.ch\/\" target=\"_blank\"><strong>Forum Energie Z\u00fcrich<\/strong><\/p><img decoding=\"async\" class=\"alignright\" src=\"https:\/\/enbau-online.ch\/wp-content\/uploads\/fez_logo.png\" alt=\"www.forumenergie.ch\/\" width=\"150\" height=\"150\" \/><\/a>\nNachhaltigkeit und Energie im Bau- und Siedlungsbereich ist unser Kernthema. Wir bieten Referatsabende, Besichtigungen, Reisen und Weiterbildungskurse. Wir freuen uns auf Ihren Besuch.<\/div>\n\u00a0<div class=\"fusion-clearfix\"><\/div><\/div><\/div><\/div><\/div>\n","protected":false},"excerpt":{"rendered":"","protected":false},"author":1,"featured_media":0,"parent":0,"menu_order":0,"comment_status":"closed","ping_status":"closed","template":"","meta":{"footnotes":""},"class_list":["post-2013","page","type-page","status-publish","hentry"],"_links":{"self":[{"href":"https:\/\/enbau-online.ch\/fr\/wp-json\/wp\/v2\/pages\/2013","targetHints":{"allow":["GET"]}}],"collection":[{"href":"https:\/\/enbau-online.ch\/fr\/wp-json\/wp\/v2\/pages"}],"about":[{"href":"https:\/\/enbau-online.ch\/fr\/wp-json\/wp\/v2\/types\/page"}],"author":[{"embeddable":true,"href":"https:\/\/enbau-online.ch\/fr\/wp-json\/wp\/v2\/users\/1"}],"replies":[{"embeddable":true,"href":"https:\/\/enbau-online.ch\/fr\/wp-json\/wp\/v2\/comments?post=2013"}],"version-history":[{"count":6,"href":"https:\/\/enbau-online.ch\/fr\/wp-json\/wp\/v2\/pages\/2013\/revisions"}],"predecessor-version":[{"id":2324,"href":"https:\/\/enbau-online.ch\/fr\/wp-json\/wp\/v2\/pages\/2013\/revisions\/2324"}],"wp:attachment":[{"href":"https:\/\/enbau-online.ch\/fr\/wp-json\/wp\/v2\/media?parent=2013"}],"curies":[{"name":"wp","href":"https:\/\/api.w.org\/{rel}","templated":true}]}}