{"id":136,"date":"2016-02-01T13:00:49","date_gmt":"2016-02-01T12:00:49","guid":{"rendered":"https:\/\/enbau-online.ch\/heizung-lueftung-elektrizitaet\/fr\/?page_id=136"},"modified":"2017-04-05T16:22:27","modified_gmt":"2017-04-05T14:22:27","slug":"ueber-die-publikation","status":"publish","type":"page","link":"https:\/\/enbau-online.ch\/heizung-lueftung-elektrizitaet\/fr\/ueber-die-publikation\/","title":{"rendered":"\u00dcber die Publikation"},"content":{"rendered":"<p>Der Band vermittelt in leicht verst\u00e4ndlicher Weise eine \u00dcbersicht \u00fcber die Energietechnik im Geb\u00e4ude: Heizung, L\u00fcftung und Elektrizit\u00e4t. Er behandelt das gesamte Spektrum der W\u00e4rmeerzeugungssysteme, von den Feuerungen bis zur Solaranlage, die Verfahren der W\u00e4rmeverteilung und -abgabe sowie der L\u00fcftungs-, K\u00e4lte- und Klimatechnik. Die energetisch immer bedeutsamere Warmwasserversorgung wird untersucht. Der Einsatz der elektrischen Energie, der Lichttechnik und der Geb\u00e4udeautomation wird ebenfalls er\u00f6rtert.<\/p>\n<p>Neben den technischen Installationen werden die zugrunde liegenden physikalisch-chemischen Vorg\u00e4nge besprochen. Es kommen die Faktoren zur Sprache, die zur Behaglichkeit beitragen und den Energieverbrauch beeinflussen. Die Autoren geben Hinweise zur Wahl eines geb\u00e4ude- und benutzerangepassten Geb\u00e4udetechniksystems sowie zu dessen Dimensionierung.<\/p>\n<p>Der Inhalt macht die Vorg\u00e4nge verst\u00e4ndlich, die in Anlagen im Normal- und im St\u00f6rfall ablaufen. So liefert er die Grundlagen f\u00fcr ein kritisches Beurteilen von Anlagekonzepten in technischer, betrieblicher und \u00f6kologischer Hinsicht.<\/p>\n","protected":false},"excerpt":{"rendered":"<p>Vermittelt in leicht verst\u00e4ndlicher Weise eine \u00dcbersicht \u00fcber die Energietechnik im Geb\u00e4ude. Behandelt das gesamte Spektrum der W\u00e4rmeerzeugungssysteme, die Verfahren der W\u00e4rmeverteilung und -abgabe sowie der L\u00fcftungs-, K\u00e4lte- und Klimatechnik.<\/p>\n","protected":false},"author":1,"featured_media":0,"parent":0,"menu_order":0,"comment_status":"closed","ping_status":"closed","template":"","meta":{"footnotes":""},"class_list":["post-136","page","type-page","status-publish","hentry"],"_links":{"self":[{"href":"https:\/\/enbau-online.ch\/heizung-lueftung-elektrizitaet\/fr\/wp-json\/wp\/v2\/pages\/136","targetHints":{"allow":["GET"]}}],"collection":[{"href":"https:\/\/enbau-online.ch\/heizung-lueftung-elektrizitaet\/fr\/wp-json\/wp\/v2\/pages"}],"about":[{"href":"https:\/\/enbau-online.ch\/heizung-lueftung-elektrizitaet\/fr\/wp-json\/wp\/v2\/types\/page"}],"author":[{"embeddable":true,"href":"https:\/\/enbau-online.ch\/heizung-lueftung-elektrizitaet\/fr\/wp-json\/wp\/v2\/users\/1"}],"replies":[{"embeddable":true,"href":"https:\/\/enbau-online.ch\/heizung-lueftung-elektrizitaet\/fr\/wp-json\/wp\/v2\/comments?post=136"}],"version-history":[{"count":1,"href":"https:\/\/enbau-online.ch\/heizung-lueftung-elektrizitaet\/fr\/wp-json\/wp\/v2\/pages\/136\/revisions"}],"predecessor-version":[{"id":137,"href":"https:\/\/enbau-online.ch\/heizung-lueftung-elektrizitaet\/fr\/wp-json\/wp\/v2\/pages\/136\/revisions\/137"}],"wp:attachment":[{"href":"https:\/\/enbau-online.ch\/heizung-lueftung-elektrizitaet\/fr\/wp-json\/wp\/v2\/media?parent=136"}],"curies":[{"name":"wp","href":"https:\/\/api.w.org\/{rel}","templated":true}]}}