{"id":618,"date":"2019-10-24T14:32:53","date_gmt":"2019-10-24T12:32:53","guid":{"rendered":"https:\/\/enbau-online.ch\/solararchitektur\/?page_id=618"},"modified":"2020-05-15T11:02:32","modified_gmt":"2020-05-15T09:02:32","slug":"autoren","status":"publish","type":"page","link":"https:\/\/enbau-online.ch\/solararchitektur\/autoren\/","title":{"rendered":"Autoren"},"content":{"rendered":"<p class=\"p3\"><strong>Andrea Gustav R\u00fcedi<\/strong>, dipl. Arch. HTL, Energieingenieur NDS, Baubiologe SIB. Seit 1989 selbstst\u00e4ndiger Architekt und Energieplaner. Angewandte Forschung mit Schwerpunkt solare Direktgewinnh\u00e4user f\u00fcr private Bauherrschaften und Architekten, Neubau und Sanierung, Wohn- und Gesch\u00e4ftsbauten. Lehrbeauftragter an verschiedenen Hochschulen. Seit 2011 Studienleiter des CAS Solararchitektur an der Berner Fachhochschule Burgdorf. Ab 2012 Fachstelle Energie und Nachhaltigkeit Stadt <span class=\"s1\">Chur, seit 2015 zudem wieder als selbstst\u00e4ndiger Architekt und Energieplaner t\u00e4tig.<\/span><\/p>\n<p class=\"p3\"><span class=\"s1\"><strong>Peter Sch\u00fcrch<\/strong>, Architekt SIA, SWB; 1999 bis heute: Professur f\u00fcr Architektur an der Berner Fachhochschule\u2009\/\u2009AHB; Studiengangleitung Nachhaltiges Bauen, enbau; seit 2010 Pr\u00e4sident Jury Norman Foster Award; seit 1990 Inhaber Halle 58 Architekten, Bern; 2014 Wohnsiedlung in Holzbauweise, Ostermundigen. Auszeichnungen: 1999 Prix eta und Europ\u00e4ischer Solarpreis f\u00fcr Solarsegel in M\u00fcnsingen; 2006 ATU-Prix, Solarpreis, 1.\u2009Rang weltweiter Passivhauspreis f\u00fcr Wohnhaus Gebhartstrasse, K\u00f6niz-Liebefeld.<\/span><\/p>\n<p class=\"p3\"><strong>J\u00f6rg Watter<\/strong>, dipl. Architekt ETH\/SIA, NDS \u00d6kobilanzen, Baubiologe und Feng-Shui-Berater, Inhaber Architekturb\u00fcro Oikos\u2009&amp;\u2009 Partner, B\u00fcro f\u00fcr bewusstes Bauen, Wohnen und Leben, Thalwil (<a href=\"http:\/\/www.oikos.ch\">www.oikos.ch<\/a>); seit 2012 Studienleiter CAS Nachhaltiges Bauen an der Hochschule f\u00fcr Technik und Wirtschaft Chur und Dozent an der Berner Fachhochschule Burgdorf; seit 2007 Pr\u00e4sident Schweizerische Interessengemeinschaft Baubiologie\u2009\/\u2009Bau\u00f6kologie SIB mit rund 750 Mitgliedern (<a href=\"http:\/\/www.baubio.ch\">www.baubio.ch<\/a>); 2010\u2009\u2013\u20092014 Pr\u00fcfungsleiter Lehrgang Baubiologie; seit 2013 Schweizer L\u00e4ndervertreter Baustofflabel natureplus <span class=\"s1\">(<a href=\"http:\/\/www.natureplus.org\">www.natureplus.org<\/a>).<\/span><\/p>\n","protected":false},"excerpt":{"rendered":"<p>Andrea Gustav R\u00fcedi, dipl. Arch. HTL, Energieingenieur NDS, Baubiologe SIB. Seit 1989 selbstst\u00e4ndiger Architekt und Energieplaner. Angewandte Forschung mit Schwerpunkt solare Direktgewinnh\u00e4user f\u00fcr private Bauherrschaften und Architekten, Neubau und Sanierung, Wohn- und Gesch\u00e4ftsbauten. Lehrbeauftragter an verschiedenen Hochschulen. Seit 2011 Studienleiter des CAS Solararchitektur an der Berner Fachhochschule Burgdorf. Ab 2012 Fachstelle Energie und Nachhaltigkeit Stadt [&#8230;]<\/p>\n","protected":false},"author":1,"featured_media":0,"parent":0,"menu_order":0,"comment_status":"closed","ping_status":"closed","template":"","meta":{"footnotes":""},"class_list":["post-618","page","type-page","status-publish","hentry"],"_links":{"self":[{"href":"https:\/\/enbau-online.ch\/solararchitektur\/wp-json\/wp\/v2\/pages\/618","targetHints":{"allow":["GET"]}}],"collection":[{"href":"https:\/\/enbau-online.ch\/solararchitektur\/wp-json\/wp\/v2\/pages"}],"about":[{"href":"https:\/\/enbau-online.ch\/solararchitektur\/wp-json\/wp\/v2\/types\/page"}],"author":[{"embeddable":true,"href":"https:\/\/enbau-online.ch\/solararchitektur\/wp-json\/wp\/v2\/users\/1"}],"replies":[{"embeddable":true,"href":"https:\/\/enbau-online.ch\/solararchitektur\/wp-json\/wp\/v2\/comments?post=618"}],"version-history":[{"count":3,"href":"https:\/\/enbau-online.ch\/solararchitektur\/wp-json\/wp\/v2\/pages\/618\/revisions"}],"predecessor-version":[{"id":945,"href":"https:\/\/enbau-online.ch\/solararchitektur\/wp-json\/wp\/v2\/pages\/618\/revisions\/945"}],"wp:attachment":[{"href":"https:\/\/enbau-online.ch\/solararchitektur\/wp-json\/wp\/v2\/media?parent=618"}],"curies":[{"name":"wp","href":"https:\/\/api.w.org\/{rel}","templated":true}]}}